{"id":4646,"date":"2022-07-06T15:53:08","date_gmt":"2022-07-06T13:53:08","guid":{"rendered":"https:\/\/rali-shop.de\/blog-de\/?page_id=4646"},"modified":"2026-01-17T02:26:07","modified_gmt":"2026-01-17T01:26:07","slug":"wie-sucht-man-sich-ein-messer-aus","status":"publish","type":"page","link":"https:\/\/rali-shop.de\/blog-de\/wie-sucht-man-sich-ein-messer-aus\/","title":{"rendered":"Wie sucht man sich ein Messer aus?"},"content":{"rendered":"\n\n\t<section class=\"section dark\" id=\"section_1725385449\">\n\t\t<div class=\"section-bg fill\" >\n\t\t\t<img loading=\"lazy\" decoding=\"async\" width=\"2560\" height=\"1707\" src=\"https:\/\/rali-shop.de\/blog-de\/wp-content\/uploads\/2021\/04\/Rali-Lames-01-scaled.jpg\" class=\"bg attachment- size-\" alt=\"\" \/>\t\t\t\t\t\t<div class=\"section-bg-overlay absolute fill\"><\/div>\n\t\t\t\n\n\t\t<\/div>\n\n\t\t\n\n\t\t<div class=\"section-content relative\">\n\t\t\t\n\n\t<div id=\"text-1232577450\" class=\"text\">\n\t\t\n\n<h1 id=\"page-title-heading\" class=\"page-title\" aria-labelledby=\"page-title-heading toolbar-amount\"><span class=\"base\" data-ui-id=\"page-title-wrapper\">Wie sucht man sich ein Messer aus?<\/span><\/h1>\n\t\t\n<style>\n#text-1232577450 {\n  font-size: 1.5rem;\n  text-align: center;\n}\n<\/style>\n\t<\/div>\n\t\n\t<div id=\"gap-1270758578\" class=\"gap-element clearfix\" style=\"display:block; height:auto;\">\n\t\t\n<style>\n#gap-1270758578 {\n  padding-top: 60px;\n}\n<\/style>\n\t<\/div>\n\t\n\n\n\t\t<\/div>\n\n\t\t\n<style>\n#section_1725385449 {\n  padding-top: 30px;\n  padding-bottom: 30px;\n  min-height: 500px;\n}\n#section_1725385449 .section-bg-overlay {\n  background-color: rgba(0, 0, 0, 0.15);\n}\n#section_1725385449 .section-bg img {\n  object-position: 54% 10%;\n}\n@media (min-width:550px) {\n  #section_1725385449 {\n    min-height: 600px;\n  }\n  #section_1725385449 .section-bg-overlay {\n    background-color: rgba(0, 0, 0, 0.09);\n  }\n}\n@media (min-width:850px) {\n  #section_1725385449 .section-bg-overlay {\n    background-color: rgba(133, 133, 133, 0.093);\n  }\n}\n<\/style>\n\t<\/section>\n\t\n<div class=\"row\"  id=\"row-603991217\">\n\n\n\t<div id=\"col-427865992\" class=\"col small-12 large-12\"  >\n\t\t\t\t<div class=\"col-inner\"  >\n\t\t\t\n\t\t\t\n\n<hr>\n<h2 class=\"wysiwyg\" style=\"text-align: center;\">Was sind die Unterschiede zwischen den einzelnen Messern ?<\/h2>\n<hr>\n<p class=\"wysiwyg\" style=\"text-align: center;\">Es gibt zwei Arten von Messern f\u00fcr RALI-Hobel. Chromstahlmesser f\u00fcr den Standardgebrauch und Wolframkarbidmesser f\u00fcr Hartholz oder abrasive Materialien. Aber was sind die anderen gro\u00dfen Unterschiede, die Sie bei der Wahl Ihrer Messer beachten sollten ?<\/p>\n<div class=\"row row-collapse row-full-width\"  id=\"row-2059489367\">\n\n\n\t<div id=\"col-1466255172\" class=\"col medium-6 large-6\"  >\n\t\t\t\t<div class=\"col-inner\"  >\n\t\t\t\n\t<div class=\"is-border\"\n\t\tstyle=\"border-width:3px 3px 3px 3;\">\n\t<\/div>\n\t\t\t\n\n\t<div id=\"text-1459480946\" class=\"text\">\n\t\t\n\n<h3>Chromstahlmesser<\/h3>\n<ul>\n<li style=\"text-align: left;\">Weiches Holz<\/li>\n<\/ul>\n\t\t\n<style>\n#text-1459480946 {\n  text-align: center;\n}\n<\/style>\n\t<\/div>\n\t\n<ul>\n<li>Sehr guter Schnitt, da der Stahl f\u00fcr den Schnitt optimiert ist.<\/li>\n<\/ul>\n\t<div id=\"gap-1374272016\" class=\"gap-element clearfix\" style=\"display:block; height:auto;\">\n\t\t\n<style>\n#gap-1374272016 {\n  padding-top: 30px;\n}\n<\/style>\n\t<\/div>\n\t\n\n<ul>\n<li>Sehr gute Lebensdauer in Weichholz<\/li>\n<li>\n<p>Chromstahl, daher Herstellung seit Band. Stahllegierung, die \u00fcblicherweise f\u00fcr Schneidwerkzeuge verwendet wird.<\/p>\n<\/li>\n<li>Kompatible Messer je nach Hobelart 30\/48 mm.<\/li>\n<\/ul>\n\t<div id=\"gap-1505271734\" class=\"gap-element clearfix\" style=\"display:block; height:auto;\">\n\t\t\n<style>\n#gap-1505271734 {\n  padding-top: 12px;\n}\n<\/style>\n\t<\/div>\n\t\n\n\n\t\t<\/div>\n\t\t\t\t\n<style>\n#col-1466255172 > .col-inner {\n  margin: 0px 0px 0px 3px;\n}\n<\/style>\n\t<\/div>\n\n\t\n\n\t<div id=\"col-1041963928\" class=\"col medium-6 large-6\"  >\n\t\t\t\t<div class=\"col-inner\"  >\n\t\t\t\n\t<div class=\"is-border\"\n\t\tstyle=\"border-width:3px 3px 3px 3;\">\n\t<\/div>\n\t\t\t\n\n\t<div id=\"text-2932596698\" class=\"text\">\n\t\t\n\n<h3>Karbidmesser<\/h3>\n<ul>\n<li style=\"text-align: left;\">Hartholz, Kompositholz, Gips, Leim, Kitt, Kunststoff.<\/li>\n<\/ul>\n\t\t\n<style>\n#text-2932596698 {\n  text-align: center;\n}\n<\/style>\n\t<\/div>\n\t\n<ul>\n<li>\n<p>Gute Schnittqualit\u00e4t, da aufgrund der Spr\u00f6digkeit des Karbids (aufgrund seiner H\u00e4rte) der Spanwinkel etwas gr\u00f6\u00dfer ist.<\/p>\n<\/li>\n<\/ul>\n<ul>\n<li>\n<p>Sehr gute Lebensdauer in den Materialien, f\u00fcr die das Eisen entwickelt wurde.<\/p>\n<\/li>\n<\/ul>\n<ul>\n<li>\n<p>Wolframkarbid, also gesintert (Wolframpulver, das mit Hitze und Bindemittel gepresst wird). Wolfram hat einen sehr hohen Schmelzpunkt und ist extrem hart. Das Messer wird mit einer Diamantschleifscheibe gesch\u00e4rft.<\/p>\n<\/li>\n<li>Kompatible Messer je nach Hobelart 30\/48 mm.<\/li>\n<\/ul>\n\n\t\t<\/div>\n\t\t\t\t\n<style>\n#col-1041963928 > .col-inner {\n  margin: 0px 0px 0px -3px;\n}\n<\/style>\n\t<\/div>\n\n\t\n\n\n<style>\n#row-2059489367 > .col > .col-inner {\n  background-color: rgb(249, 249, 249);\n}\n<\/style>\n<\/div>\n<hr>\n<h2 class=\"wysiwyg\" style=\"text-align: center;\">Welches Messer f\u00fcr welchen Hobel ?<\/h2>\n<hr>\n<h2 class=\"titre_3\" style=\"text-align: center;\"><strong>Chromstahl Messer<\/strong>&nbsp;:<\/h2>\n<p class=\"wysiwyg\" style=\"text-align: center;\">F\u00fcr weiches bis mittelhartes Holz, z.B. Tanne. <strong>3 Versionen :<\/strong><\/p>\n\n\t\t<\/div>\n\t\t\t\t\t<\/div>\n\n\t\n\n<\/div>\n<div class=\"row\"  id=\"row-146000168\">\n\n\n\t<div id=\"col-51275098\" class=\"col medium-4 small-12 large-4\"  >\n\t\t\t\t<div class=\"col-inner\"  >\n\t\t\t\n\t\t\t\n\n\t<div class=\"box has-hover   has-hover box-text-bottom\" >\n\n\t\t<div class=\"box-image\" >\n\t\t\t\t\t\t<div class=\"\" >\n\t\t\t\t<img loading=\"lazy\" decoding=\"async\" width=\"300\" height=\"210\" src=\"https:\/\/rali-shop.de\/blog-de\/wp-content\/uploads\/2022\/07\/48mm_Cr__1-1.jpg\" class=\"attachment- size-\" alt=\"\" \/>\t\t\t\t\t\t\t\t\t\t\t<\/div>\n\t\t\t\t\t<\/div>\n\n\t\t<div class=\"box-text text-center\" >\n\t\t\t<div class=\"box-text-inner\">\n\t\t\t\t\n\n<h4 style=\"text-align: center;\"><strong>48 mm<\/strong><\/h4>\n<p style=\"text-align: center;\">F\u00fcr Hobel 105, 220 und 260, mit abgerundeten Extremit\u00e4ten<\/p>\n<a class=\"button success\"  >\n\t\t<span>mehr erfahren<\/span>\n\t<\/a>\n\n\n\n\t\t\t<\/div>\n\t\t<\/div>\n\t<\/div>\n\t\n\n\t\t<\/div>\n\t\t\t\t\t<\/div>\n\n\t\n\n\t<div id=\"col-1816255000\" class=\"col medium-4 small-12 large-4\"  >\n\t\t\t\t<div class=\"col-inner\"  >\n\t\t\t\n\t\t\t\n\n\t<div class=\"box has-hover   has-hover box-text-bottom\" >\n\n\t\t<div class=\"box-image\" >\n\t\t\t\t\t\t<div class=\"\" >\n\t\t\t\t<img loading=\"lazy\" decoding=\"async\" width=\"300\" height=\"210\" src=\"https:\/\/rali-shop.de\/blog-de\/wp-content\/uploads\/2022\/07\/30mm_Cr__1-1.jpg\" class=\"attachment- size-\" alt=\"\" \/>\t\t\t\t\t\t\t\t\t\t\t<\/div>\n\t\t\t\t\t<\/div>\n\n\t\t<div class=\"box-text text-center\" >\n\t\t\t<div class=\"box-text-inner\">\n\t\t\t\t\n\n<h4 style=\"text-align: center;\"><strong><span class=\"clr_bleu\">30 mm<\/span><\/strong><\/h4>\n<p style=\"text-align: center;\">F\u00fcr Hobel G30, B03, G03, Pocket, mit scharfen Extremit\u00e4ten<\/p>\n<a class=\"button success\"  >\n\t\t<span>mehr erfahren<\/span>\n\t<\/a>\n\n\n\n\t\t\t<\/div>\n\t\t<\/div>\n\t<\/div>\n\t\n\n\t\t<\/div>\n\t\t\t\t\t<\/div>\n\n\t\n\n\t<div id=\"col-1999629153\" class=\"col medium-4 small-12 large-4\"  >\n\t\t\t\t<div class=\"col-inner\"  >\n\t\t\t\n\t\t\t\n\n\t<div class=\"box has-hover   has-hover box-text-bottom\" >\n\n\t\t<div class=\"box-image\" >\n\t\t\t\t\t\t<div class=\"\" >\n\t\t\t\t<img loading=\"lazy\" decoding=\"async\" width=\"300\" height=\"210\" src=\"https:\/\/rali-shop.de\/blog-de\/wp-content\/uploads\/2022\/07\/30mm_RALImatic-1.jpg\" class=\"attachment- size-\" alt=\"\" \/>\t\t\t\t\t\t\t\t\t\t\t<\/div>\n\t\t\t\t\t<\/div>\n\n\t\t<div class=\"box-text text-center\" >\n\t\t\t<div class=\"box-text-inner\">\n\t\t\t\t\n\n<h4 style=\"text-align: center;\"><strong><span class=\"clr_bleu\">30 mm <\/span><\/strong><\/h4>\n<p style=\"text-align: center;\">F\u00fcr Hobel RALI matic, mit abgerundeten Extremit\u00e4ten<\/p>\n<a class=\"button success\"  >\n\t\t<span>mehr erfahren<\/span>\n\t<\/a>\n\n\n\n\t\t\t<\/div>\n\t\t<\/div>\n\t<\/div>\n\t\n\n\t\t<\/div>\n\t\t\t\t\t<\/div>\n\n\t\n\n<\/div>\n<div class=\"text-center\"><div class=\"is-divider divider clearfix\" style=\"max-width:115px;\"><\/div><\/div>\n\n<div class=\"row\"  id=\"row-1297913460\">\n\n\n\t<div id=\"col-1592685558\" class=\"col small-12 large-12\"  >\n\t\t\t\t<div class=\"col-inner\"  >\n\t\t\t\n\t\t\t\n\n<h3 class=\"titre_3\" style=\"text-align: center;\">H<strong>artmetall Messer (Wolfram<\/strong>):<\/h3>\n<p class=\"wysiwyg\" style=\"text-align: center;\">F\u00fcr mittelhartes bis hartes Holz, Leimholzplatten, MDF, OSB, BSH, Aluminium . <strong>2 Versionen :<\/strong><\/p>\n<div class=\"row align-center\"  id=\"row-1101799281\">\n\n\n\t<div id=\"col-569362644\" class=\"col medium-4 small-12 large-4\"  >\n\t\t\t\t<div class=\"col-inner text-center\"  >\n\t\t\t\n\t\t\t\n\n\t<div class=\"box has-hover   has-hover box-text-bottom\" >\n\n\t\t<div class=\"box-image\" >\n\t\t\t\t\t\t<div class=\"\" >\n\t\t\t\t<img loading=\"lazy\" decoding=\"async\" width=\"300\" height=\"210\" src=\"https:\/\/rali-shop.de\/blog-de\/wp-content\/uploads\/2022\/07\/ll.jpg\" class=\"attachment- size-\" alt=\"\" \/>\t\t\t\t\t\t\t\t\t\t\t<\/div>\n\t\t\t\t\t<\/div>\n\n\t\t<div class=\"box-text text-center\" >\n\t\t\t<div class=\"box-text-inner\">\n\t\t\t\t\n\n<h4 style=\"text-align: center;\"><strong><span class=\"clr_bleu\">48 mm<\/span><\/strong><\/h4>\n<p style=\"text-align: center;\">F\u00fcr Hobel 105, 220 und 260, mit abgerundeten Extremit\u00e4ten<\/p>\n<a class=\"button success\"  >\n\t\t<span>mehr erfahren<\/span>\n\t<\/a>\n\n\n\n\t\t\t<\/div>\n\t\t<\/div>\n\t<\/div>\n\t\n\n\t\t<\/div>\n\t\t\t\t\t<\/div>\n\n\t\n\n\t<div id=\"col-1837005772\" class=\"col medium-4 small-12 large-4\"  >\n\t\t\t\t<div class=\"col-inner\"  >\n\t\t\t\n\t\t\t\n\n\t<div class=\"box has-hover   has-hover box-text-bottom\" >\n\n\t\t<div class=\"box-image\" >\n\t\t\t\t\t\t<div class=\"\" >\n\t\t\t\t<img loading=\"lazy\" decoding=\"async\" width=\"300\" height=\"210\" src=\"https:\/\/rali-shop.de\/blog-de\/wp-content\/uploads\/2022\/07\/30mm_MD_-1.jpg\" class=\"attachment- size-\" alt=\"\" \/>\t\t\t\t\t\t\t\t\t\t\t<\/div>\n\t\t\t\t\t<\/div>\n\n\t\t<div class=\"box-text text-center\" >\n\t\t\t<div class=\"box-text-inner\">\n\t\t\t\t\n\n<h4 style=\"text-align: center;\"><strong><span class=\"clr_bleu\">30 mm<\/span><\/strong><\/h4>\n<p style=\"text-align: center;\">F\u00fcr Hobel G30, B03, G03, Pocket mit scharfen Extremit\u00e4ten<\/p>\n<a class=\"button success\"  >\n\t\t<span>mehr erfahren<\/span>\n\t<\/a>\n\n\n\n\t\t\t<\/div>\n\t\t<\/div>\n\t<\/div>\n\t\n\n\t\t<\/div>\n\t\t\t\t\t<\/div>\n\n\t\n\n<\/div>\n\n\t\t<\/div>\n\t\t\t\t\t<\/div>\n\n\t\n\n<\/div>\n<div class=\"row\"  id=\"row-403120043\">\n\n\n\t<div id=\"col-1467123161\" class=\"col small-12 large-12\"  >\n\t\t\t\t<div class=\"col-inner\"  >\n\t\t\t\n\t\t\t\n\n<p class=\"wysiwyg\" style=\"text-align: center;\">Die Messer f\u00fcr Fl\u00e4chenhobel sind an den Extremit\u00e4ten leicht gebogen damit das Holz am Rand nicht markiert wird.<br \/>Die Messer der Simshobel sind vollkommen flach.<\/p>\n\n\t\t<\/div>\n\t\t\t\t\t<\/div>\n\n\t\n\n<\/div>\n\n<div class=\"container section-title-container hidden\" ><h1 class=\"section-title section-title-center\"><b><\/b><span class=\"section-title-main\" style=\"font-size:150%;\">En ce moment<\/span><b><\/b><\/h1><\/div>\n\n<div class=\"row\"  id=\"row-629517035\">\n\n\n\t<div id=\"col-319999201\" class=\"col small-12 large-12\"  >\n\t\t\t\t<div class=\"col-inner text-center\"  >\n\t\t\t\n\t\t\t\n\n<a href=\"\/blog-de\/wie-sucht-man-sich-ein-messer-aus\/\" class=\"button success\"  >\n\t\t<span>ENTDECKEN SIE DAS KONZEPT DER AUSTAUSCHBAREN MESSERN VON RALI.<\/span>\n\t<\/a>\n\n\n\n\t\t<\/div>\n\t\t\t\t\t<\/div>\n\n\t\n\n<\/div>\n<div class=\"row\"  id=\"row-920548362\">\n\n\n\t<div id=\"col-1427812737\" class=\"col small-12 large-12\"  >\n\t\t\t\t<div class=\"col-inner\"  >\n\t\t\t\n\t\t\t\n\n<hr>\n<h1 class=\"uppercase\" style=\"text-align: center;\">UNSERE AKTUELLEN PAKETE<\/h1>\n<hr>\n<h3 class=\"uppercase\" style=\"text-align: center;\">&nbsp;<\/h3>\n<div class=\"row\"  id=\"row-2099748322\">\n\n\n\t<div id=\"col-576318162\" class=\"col small-12 large-12\"  >\n\t\t\t\t<div class=\"col-inner\"  >\n\t\t\t\n\t\t\t\n\n<div class=\"row\"  id=\"row-591365259\">\n\n\n\t<div id=\"col-1892551887\" class=\"col medium-6 small-12 large-6\"  >\n\t\t\t\t<div class=\"col-inner text-center\" style=\"background-color:rgb(255, 255, 255);\" >\n\t\t\t\n\t\t\t\n\n\t<div class=\"box has-hover   has-hover box-text-bottom\" >\n\n\t\t<div class=\"box-image\" style=\"width:47%;\">\n\t\t\t\t\t\t<div class=\"\" >\n\t\t\t\t<img loading=\"lazy\" decoding=\"async\" width=\"478\" height=\"335\" src=\"https:\/\/rali-shop.de\/blog-de\/wp-content\/uploads\/2022\/07\/pack-serenite_-produit-48.jpg\" class=\"attachment- size-\" alt=\"pack zen+\" \/>\t\t\t\t\t\t\t\t\t\t\t<\/div>\n\t\t\t\t\t<\/div>\n\n\t\t<div class=\"box-text text-center\" >\n\t\t\t<div class=\"box-text-inner\">\n\t\t\t\t\n\n<h3 class=\"page-title\" style=\"text-align: center;\"><span class=\"base\" data-ui-id=\"page-title-wrapper\">Set Zen alle H\u00f6lzer 48mm : <\/span><\/h3>\n<p class=\"page-title\" style=\"text-align: center;\">2 Chromstahl messer 48mm + 1 Hartmetall messer 48mm + Rostschutzmittel<\/p>\n\n\t\t\t<\/div>\n\t\t<\/div>\n\t<\/div>\n\t\n<a href=\"\/set-zen-plus-alle-holzer.html\" class=\"button success\"  >\n\t\t<span>SIEHE DATENBLATT<\/span>\n\t<\/a>\n\n\n\n\t\t<\/div>\n\t\t\t\t\t<\/div>\n\n\t\n\n\t<div id=\"col-548006861\" class=\"col medium-6 small-12 large-6\"  >\n\t\t\t\t<div class=\"col-inner text-center\" style=\"background-color:rgb(255, 255, 255);\" >\n\t\t\t\n\t\t\t\n\n\t<div class=\"box has-hover   has-hover box-text-bottom\" >\n\n\t\t<div class=\"box-image\" style=\"width:46%;\">\n\t\t\t\t\t\t<div class=\"\" >\n\t\t\t\t<img loading=\"lazy\" decoding=\"async\" width=\"478\" height=\"335\" src=\"https:\/\/rali-shop.de\/blog-de\/wp-content\/uploads\/2022\/07\/pack-serenite_-produit-48.jpg\" class=\"attachment- size-\" alt=\"pack zen+\" \/>\t\t\t\t\t\t\t\t\t\t\t<\/div>\n\t\t\t\t\t<\/div>\n\n\t\t<div class=\"box-text text-center\" >\n\t\t\t<div class=\"box-text-inner\">\n\t\t\t\t\n\n<h3 class=\"page-title\" style=\"text-align: center;\"><span class=\"base\" data-ui-id=\"page-title-wrapper\">Set Zen+ alle H\u00f6lzer 30mm : <\/span><\/h3>\n<p class=\"page-title\" style=\"text-align: center;\">5 Chromstahl messer 30mm + 1 Hartmetall messer 30mm + Rostschutzmittel<\/p>\n\n\t\t\t<\/div>\n\t\t<\/div>\n\t<\/div>\n\t\n<a href=\"\/set-zen-plus-alle-holzer-30.html\" class=\"button success\"  >\n\t\t<span>SIEHE DATENBLATT<\/span>\n\t<\/a>\n\n\n\n\t\t<\/div>\n\t\t\t\t\t<\/div>\n\n\t\n\n<\/div>\n\n\t\t<\/div>\n\t\t\t\t\t<\/div>\n\n\t\n\n<\/div>\n\n\t\t<\/div>\n\t\t\t\t\t<\/div>\n\n\t\n\n\n<style>\n#row-920548362 > .col > .col-inner {\n  background-color: rgb(245, 245, 245);\n}\n<\/style>\n<\/div>\n<div class=\"container section-title-container hidden\" ><h1 class=\"section-title section-title-center\"><b><\/b><span class=\"section-title-main\" style=\"font-size:150%;\">En ce moment<\/span><b><\/b><\/h1><\/div>\n\n<h2 style=\"text-align: center;\"><span style=\"font-size: 130%;\">In diesem moment<\/span><\/h2>\n<div class=\"row align-equal align-center\"  id=\"row-882810721\">\n\n\n\t<div id=\"col-1927587131\" class=\"col medium-9 small-12 large-9\"  >\n\t\t\t\t<div class=\"col-inner text-center box-shadow-3 box-shadow-1-hover dark\" style=\"background-color:rgb(0,0,0);\" >\n\t\t\t\n\t\t\t\n\n\t<div id=\"text-4080150460\" class=\"text\">\n\t\t\n\n<p><span style=\"font-size: 300%;\"><span style=\"color: #ffffff;\">HEUTE<br \/><\/span><\/span><\/p>\n<p><span style=\"font-size: 200%;\"><span style=\"color: #ed1c24; font-size: 150%;\">-15\u20ac\/chf Rabatt<br \/><\/span>alle 100\u20ac\/chf Einkaufswert*<br \/><\/span><\/p>\n\t\t\n<style>\n#text-4080150460 {\n  font-size: 1rem;\n  line-height: 1.2;\n}\n<\/style>\n\t<\/div>\n\t\n<a href=\"\/hobel.html\" class=\"button success\"  >\n\t\t<span>Ich profitiere<\/span>\n\t<\/a>\n\n\n\t<div id=\"text-1505711837\" class=\"text\">\n\t\t\n\n<p>*au\u00dfer Sonderangebote<\/p>\n\t\t\n<style>\n#text-1505711837 {\n  text-align: right;\n}\n<\/style>\n\t<\/div>\n\t\n\n\t\t<\/div>\n\t\t\t\t\n<style>\n#col-1927587131 > .col-inner {\n  border-radius: 30px;\n}\n<\/style>\n\t<\/div>\n\n\t\n\n\t<div id=\"col-19429517\" class=\"col medium-9 small-12 large-9\"  >\n\t\t\t\t<div class=\"col-inner text-center box-shadow-3 box-shadow-1-hover dark\" style=\"background-color:rgb(0,0,0);\" >\n\t\t\t\n\t\t\t\n\n\t<div id=\"text-250653468\" class=\"text\">\n\t\t\n\n<p><span style=\"font-size: 200%;\"><span style=\"font-size: 160%;\"><span style=\"color: #ffffff;\">PACKS ANGEBOT<br \/><\/span><\/span><\/span><\/p>\n<p><span style=\"font-size: 200%;\">Bis zu <span style=\"color: #ed1c24; font-size: 150%;\">-50% <\/span>auf das zweite Werkzeug<br \/>in unseren Ausstattungspaketen<\/span><\/p>\n\t\t\n<style>\n#text-250653468 {\n  font-size: 1rem;\n  line-height: 1.2;\n}\n<\/style>\n\t<\/div>\n\t\n<a href=\"\/rabatt.html\" class=\"button success\"  >\n\t\t<span>Zu den Angeboten<\/span>\n\t<\/a>\n\n\n\t<div id=\"text-3400478118\" class=\"text hidden\">\n\t\t\n\n*Valid for a pack of 2 similar vices - The discount will be apply on the 2nd product\n\t\t\t<\/div>\n\t\n\n\t\t<\/div>\n\t\t\t\t\n<style>\n#col-19429517 > .col-inner {\n  border-radius: 30px;\n}\n<\/style>\n\t<\/div>\n\n\t\n\n\n<style>\n#row-882810721 > .col > .col-inner {\n  background-color: rgb(0,0,0);\n}\n<\/style>\n<\/div>\n\n\n<div class=\"row align-equal align-center\"  id=\"row-1011923260\">\n\n\n\n\n<style>\n#row-1011923260 > .col > .col-inner {\n  background-color: rgb(0,0,0);\n}\n<\/style>\n<\/div>\n\n\n\n","protected":false},"excerpt":{"rendered":"<p>Es gibt 2 Sorten Messer f\u00fcr die RALI Hobel. Die Chromstahl Messer f\u00fcr Standardgebrauch und die Hartmetall Messer (Wolfram) f\u00fcr Hartholz oder abrasive Materien.<\/p>\n","protected":false},"author":1,"featured_media":2898,"parent":0,"menu_order":0,"comment_status":"closed","ping_status":"closed","template":"","meta":{"footnotes":""},"class_list":["post-4646","page","type-page","status-publish","has-post-thumbnail","hentry"],"yoast_head":"<!-- This site is optimized with the Yoast SEO plugin v25.1 - https:\/\/yoast.com\/wordpress\/plugins\/seo\/ -->\n<title>Wie sucht man sich ein Messer aus? - RALI-Holzwerkzeuge f\u00fcr Profis<\/title>\n<meta name=\"robots\" content=\"index, follow, max-snippet:-1, max-image-preview:large, max-video-preview:-1\" \/>\n<link rel=\"canonical\" href=\"https:\/\/rali-shop.de\/blog-de\/wie-sucht-man-sich-ein-messer-aus\/\" \/>\n<meta property=\"og:locale\" content=\"de_DE\" \/>\n<meta property=\"og:type\" content=\"article\" \/>\n<meta property=\"og:title\" content=\"Wie sucht man sich ein Messer aus? - RALI-Holzwerkzeuge f\u00fcr Profis\" \/>\n<meta property=\"og:description\" content=\"Es gibt 2 Sorten Messer f\u00fcr die RALI Hobel. Die Chromstahl Messer f\u00fcr Standardgebrauch und die Hartmetall Messer (Wolfram) f\u00fcr Hartholz oder abrasive Materien.\" \/>\n<meta property=\"og:url\" content=\"https:\/\/rali-shop.de\/blog-de\/wie-sucht-man-sich-ein-messer-aus\/\" \/>\n<meta property=\"og:site_name\" content=\"RALI-Holzwerkzeuge f\u00fcr Profis\" \/>\n<meta property=\"article:modified_time\" content=\"2026-01-17T01:26:07+00:00\" \/>\n<meta property=\"og:image\" content=\"https:\/\/rali-shop.de\/blog-de\/wp-content\/uploads\/2021\/04\/Rali-Lames-01-scaled.jpg\" \/>\n\t<meta property=\"og:image:width\" content=\"2560\" \/>\n\t<meta property=\"og:image:height\" content=\"1707\" \/>\n\t<meta property=\"og:image:type\" content=\"image\/jpeg\" \/>\n<meta name=\"twitter:card\" content=\"summary_large_image\" \/>\n<meta name=\"twitter:label1\" content=\"Gesch\u00e4tzte Lesezeit\" \/>\n\t<meta name=\"twitter:data1\" content=\"4\u00a0Minuten\" \/>\n<script type=\"application\/ld+json\" class=\"yoast-schema-graph\">{\"@context\":\"https:\/\/schema.org\",\"@graph\":[{\"@type\":\"WebPage\",\"@id\":\"https:\/\/rali-shop.de\/blog-de\/wie-sucht-man-sich-ein-messer-aus\/\",\"url\":\"https:\/\/rali-shop.de\/blog-de\/wie-sucht-man-sich-ein-messer-aus\/\",\"name\":\"Wie sucht man sich ein Messer aus? - RALI-Holzwerkzeuge f\u00fcr Profis\",\"isPartOf\":{\"@id\":\"https:\/\/rali-shop.de\/blog-de\/#website\"},\"primaryImageOfPage\":{\"@id\":\"https:\/\/rali-shop.de\/blog-de\/wie-sucht-man-sich-ein-messer-aus\/#primaryimage\"},\"image\":{\"@id\":\"https:\/\/rali-shop.de\/blog-de\/wie-sucht-man-sich-ein-messer-aus\/#primaryimage\"},\"thumbnailUrl\":\"https:\/\/rali-shop.de\/blog-de\/wp-content\/uploads\/2021\/04\/Rali-Lames-01-scaled.jpg\",\"datePublished\":\"2022-07-06T13:53:08+00:00\",\"dateModified\":\"2026-01-17T01:26:07+00:00\",\"inLanguage\":\"de\",\"potentialAction\":[{\"@type\":\"ReadAction\",\"target\":[\"https:\/\/rali-shop.de\/blog-de\/wie-sucht-man-sich-ein-messer-aus\/\"]}]},{\"@type\":\"ImageObject\",\"inLanguage\":\"de\",\"@id\":\"https:\/\/rali-shop.de\/blog-de\/wie-sucht-man-sich-ein-messer-aus\/#primaryimage\",\"url\":\"https:\/\/rali-shop.de\/blog-de\/wp-content\/uploads\/2021\/04\/Rali-Lames-01-scaled.jpg\",\"contentUrl\":\"https:\/\/rali-shop.de\/blog-de\/wp-content\/uploads\/2021\/04\/Rali-Lames-01-scaled.jpg\",\"width\":2560,\"height\":1707},{\"@type\":\"WebSite\",\"@id\":\"https:\/\/rali-shop.de\/blog-de\/#website\",\"url\":\"https:\/\/rali-shop.de\/blog-de\/\",\"name\":\"RALI-Holzwerkzeuge f\u00fcr Profis\",\"description\":\"Holzwerkzeuge f\u00fcr Enthusiasten\",\"publisher\":{\"@id\":\"https:\/\/rali-shop.de\/blog-de\/#organization\"},\"potentialAction\":[{\"@type\":\"SearchAction\",\"target\":{\"@type\":\"EntryPoint\",\"urlTemplate\":\"https:\/\/rali-shop.de\/blog-de\/?s={search_term_string}\"},\"query-input\":{\"@type\":\"PropertyValueSpecification\",\"valueRequired\":true,\"valueName\":\"search_term_string\"}}],\"inLanguage\":\"de\"},{\"@type\":\"Organization\",\"@id\":\"https:\/\/rali-shop.de\/blog-de\/#organization\",\"name\":\"RALI\",\"url\":\"https:\/\/rali-shop.de\/blog-de\/\",\"logo\":{\"@type\":\"ImageObject\",\"inLanguage\":\"de\",\"@id\":\"https:\/\/rali-shop.de\/blog-de\/#\/schema\/logo\/image\/\",\"url\":\"https:\/\/rali-shop.de\/blog-de\/wp-content\/uploads\/2021\/07\/LOGO-RALI-new.gif\",\"contentUrl\":\"https:\/\/rali-shop.de\/blog-de\/wp-content\/uploads\/2021\/07\/LOGO-RALI-new.gif\",\"width\":959,\"height\":524,\"caption\":\"RALI\"},\"image\":{\"@id\":\"https:\/\/rali-shop.de\/blog-de\/#\/schema\/logo\/image\/\"}}]}<\/script>\n<!-- \/ Yoast SEO plugin. -->","yoast_head_json":{"title":"Wie sucht man sich ein Messer aus? - RALI-Holzwerkzeuge f\u00fcr Profis","robots":{"index":"index","follow":"follow","max-snippet":"max-snippet:-1","max-image-preview":"max-image-preview:large","max-video-preview":"max-video-preview:-1"},"canonical":"https:\/\/rali-shop.de\/blog-de\/wie-sucht-man-sich-ein-messer-aus\/","og_locale":"de_DE","og_type":"article","og_title":"Wie sucht man sich ein Messer aus? - RALI-Holzwerkzeuge f\u00fcr Profis","og_description":"Es gibt 2 Sorten Messer f\u00fcr die RALI Hobel. Die Chromstahl Messer f\u00fcr Standardgebrauch und die Hartmetall Messer (Wolfram) f\u00fcr Hartholz oder abrasive Materien.","og_url":"https:\/\/rali-shop.de\/blog-de\/wie-sucht-man-sich-ein-messer-aus\/","og_site_name":"RALI-Holzwerkzeuge f\u00fcr Profis","article_modified_time":"2026-01-17T01:26:07+00:00","og_image":[{"width":2560,"height":1707,"url":"https:\/\/rali-shop.de\/blog-de\/wp-content\/uploads\/2021\/04\/Rali-Lames-01-scaled.jpg","type":"image\/jpeg"}],"twitter_card":"summary_large_image","twitter_misc":{"Gesch\u00e4tzte Lesezeit":"4\u00a0Minuten"},"schema":{"@context":"https:\/\/schema.org","@graph":[{"@type":"WebPage","@id":"https:\/\/rali-shop.de\/blog-de\/wie-sucht-man-sich-ein-messer-aus\/","url":"https:\/\/rali-shop.de\/blog-de\/wie-sucht-man-sich-ein-messer-aus\/","name":"Wie sucht man sich ein Messer aus? - RALI-Holzwerkzeuge f\u00fcr Profis","isPartOf":{"@id":"https:\/\/rali-shop.de\/blog-de\/#website"},"primaryImageOfPage":{"@id":"https:\/\/rali-shop.de\/blog-de\/wie-sucht-man-sich-ein-messer-aus\/#primaryimage"},"image":{"@id":"https:\/\/rali-shop.de\/blog-de\/wie-sucht-man-sich-ein-messer-aus\/#primaryimage"},"thumbnailUrl":"https:\/\/rali-shop.de\/blog-de\/wp-content\/uploads\/2021\/04\/Rali-Lames-01-scaled.jpg","datePublished":"2022-07-06T13:53:08+00:00","dateModified":"2026-01-17T01:26:07+00:00","inLanguage":"de","potentialAction":[{"@type":"ReadAction","target":["https:\/\/rali-shop.de\/blog-de\/wie-sucht-man-sich-ein-messer-aus\/"]}]},{"@type":"ImageObject","inLanguage":"de","@id":"https:\/\/rali-shop.de\/blog-de\/wie-sucht-man-sich-ein-messer-aus\/#primaryimage","url":"https:\/\/rali-shop.de\/blog-de\/wp-content\/uploads\/2021\/04\/Rali-Lames-01-scaled.jpg","contentUrl":"https:\/\/rali-shop.de\/blog-de\/wp-content\/uploads\/2021\/04\/Rali-Lames-01-scaled.jpg","width":2560,"height":1707},{"@type":"WebSite","@id":"https:\/\/rali-shop.de\/blog-de\/#website","url":"https:\/\/rali-shop.de\/blog-de\/","name":"RALI-Holzwerkzeuge f\u00fcr Profis","description":"Holzwerkzeuge f\u00fcr Enthusiasten","publisher":{"@id":"https:\/\/rali-shop.de\/blog-de\/#organization"},"potentialAction":[{"@type":"SearchAction","target":{"@type":"EntryPoint","urlTemplate":"https:\/\/rali-shop.de\/blog-de\/?s={search_term_string}"},"query-input":{"@type":"PropertyValueSpecification","valueRequired":true,"valueName":"search_term_string"}}],"inLanguage":"de"},{"@type":"Organization","@id":"https:\/\/rali-shop.de\/blog-de\/#organization","name":"RALI","url":"https:\/\/rali-shop.de\/blog-de\/","logo":{"@type":"ImageObject","inLanguage":"de","@id":"https:\/\/rali-shop.de\/blog-de\/#\/schema\/logo\/image\/","url":"https:\/\/rali-shop.de\/blog-de\/wp-content\/uploads\/2021\/07\/LOGO-RALI-new.gif","contentUrl":"https:\/\/rali-shop.de\/blog-de\/wp-content\/uploads\/2021\/07\/LOGO-RALI-new.gif","width":959,"height":524,"caption":"RALI"},"image":{"@id":"https:\/\/rali-shop.de\/blog-de\/#\/schema\/logo\/image\/"}}]}},"_links":{"self":[{"href":"https:\/\/rali-shop.de\/blog-de\/wp-json\/wp\/v2\/pages\/4646","targetHints":{"allow":["GET"]}}],"collection":[{"href":"https:\/\/rali-shop.de\/blog-de\/wp-json\/wp\/v2\/pages"}],"about":[{"href":"https:\/\/rali-shop.de\/blog-de\/wp-json\/wp\/v2\/types\/page"}],"author":[{"embeddable":true,"href":"https:\/\/rali-shop.de\/blog-de\/wp-json\/wp\/v2\/users\/1"}],"replies":[{"embeddable":true,"href":"https:\/\/rali-shop.de\/blog-de\/wp-json\/wp\/v2\/comments?post=4646"}],"version-history":[{"count":26,"href":"https:\/\/rali-shop.de\/blog-de\/wp-json\/wp\/v2\/pages\/4646\/revisions"}],"predecessor-version":[{"id":65070,"href":"https:\/\/rali-shop.de\/blog-de\/wp-json\/wp\/v2\/pages\/4646\/revisions\/65070"}],"wp:featuredmedia":[{"embeddable":true,"href":"https:\/\/rali-shop.de\/blog-de\/wp-json\/wp\/v2\/media\/2898"}],"wp:attachment":[{"href":"https:\/\/rali-shop.de\/blog-de\/wp-json\/wp\/v2\/media?parent=4646"}],"curies":[{"name":"wp","href":"https:\/\/api.w.org\/{rel}","templated":true}]}}