{"id":4655,"date":"2022-06-06T16:12:59","date_gmt":"2022-06-06T14:12:59","guid":{"rendered":"https:\/\/rali-shop.de\/blog-de\/?page_id=4655"},"modified":"2022-11-10T15:18:40","modified_gmt":"2022-11-10T14:18:40","slug":"wie-sucht-man-sich-seinen-hobel-und-zubehoer-aus","status":"publish","type":"page","link":"https:\/\/rali-shop.de\/blog-de\/wie-sucht-man-sich-seinen-hobel-und-zubehoer-aus\/","title":{"rendered":"Wie sucht man sich seinen Hobel und Zubeh\u00f6r aus ?"},"content":{"rendered":"\n\n\t<section class=\"section dark\" id=\"section_805085979\">\n\t\t<div class=\"section-bg fill\" >\n\t\t\t<img loading=\"lazy\" decoding=\"async\" width=\"2560\" height=\"1707\" src=\"https:\/\/rali-shop.de\/blog-de\/wp-content\/uploads\/2022\/02\/Rali-Black-Friday-24-scaled.jpg\" class=\"bg attachment- size-\" alt=\"gamme rabot\" \/>\t\t\t\t\t\t<div class=\"section-bg-overlay absolute fill\"><\/div>\n\t\t\t\n\n\t\t<\/div>\n\n\t\t\n\n\t\t<div class=\"section-content relative\">\n\t\t\t\n\n\t<div id=\"text-2735200012\" class=\"text\">\n\t\t\n\n<h1 id=\"page-title-heading\" class=\"page-title\" aria-labelledby=\"page-title-heading toolbar-amount\"><span class=\"base\" data-ui-id=\"page-title-wrapper\">Wie sucht man sich seinen Hobel und Zubeh\u00f6r aus?<\/span><\/h1>\n\t\t\n<style>\n#text-2735200012 {\n  font-size: 1.5rem;\n  text-align: center;\n}\n<\/style>\n\t<\/div>\n\t\n\t<div id=\"gap-1442634810\" class=\"gap-element clearfix\" style=\"display:block; height:auto;\">\n\t\t\n<style>\n#gap-1442634810 {\n  padding-top: 60px;\n}\n<\/style>\n\t<\/div>\n\t\n\n\n\t\t<\/div>\n\n\t\t\n<style>\n#section_805085979 {\n  padding-top: 30px;\n  padding-bottom: 30px;\n  min-height: 500px;\n}\n#section_805085979 .section-bg-overlay {\n  background-color: rgba(0, 0, 0, 0.15);\n}\n#section_805085979 .section-bg img {\n  object-position: 50% 68%;\n}\n@media (min-width:550px) {\n  #section_805085979 {\n    min-height: 600px;\n  }\n  #section_805085979 .section-bg-overlay {\n    background-color: rgba(0, 0, 0, 0.09);\n  }\n}\n@media (min-width:850px) {\n  #section_805085979 .section-bg-overlay {\n    background-color: rgba(133, 133, 133, 0.093);\n  }\n}\n<\/style>\n\t<\/section>\n\t\n<div class=\"row\"  id=\"row-233776619\">\n\n\n\t<div id=\"col-682285993\" class=\"col medium-6 small-12 large-6\"  >\n\t\t\t\t<div class=\"col-inner\"  >\n\t\t\t\n\t\t\t\n\n<h2 class=\"titre_3\"><strong>Fl\u00e4chenhobel<\/strong><\/h2>\n<p class=\"wysiwyg\">Zum hobeln von ebenen und nicht geschlossenen Fl\u00e4chen.<\/p>\n<p>Das Messer ist leicht gebogen und steigt ein wenig an den beiden Extremit\u00e4ten an damit man in der Mitte ein bisschen mehr ausheben kann. Dies hat den Vorteil, dass die Extremit\u00e4ten des Messers das Holz in Abschlussphase mit einer minimalen Holz Entnahme nicht markieren. <\/p>\n<p>Es ist besonders wichtig beim hobeln von grossen Fl\u00e4chen.<\/p>\n\n\t\t<\/div>\n\t\t\t\t\t<\/div>\n\n\t\n\n\t<div id=\"col-1318400202\" class=\"col medium-6 small-12 large-6\"  >\n\t\t\t\t<div class=\"col-inner\"  >\n\t\t\t\n\t\t\t\n\n\t<div class=\"img has-hover x md-x lg-x y md-y lg-y\" id=\"image_403778486\">\n\t\t\t\t\t\t\t\t<div class=\"img-inner dark\" >\n\t\t\t\t\t\t\t\t\t\n\t\t\t\t\t<\/div>\n\t\t\t\t\t\t\t\t\n<style>\n#image_403778486 {\n  width: 100%;\n}\n<\/style>\n\t<\/div>\n\t\n\n\t<div class=\"img has-hover x md-x lg-x y md-y lg-y\" id=\"image_368678153\">\n\t\t\t\t\t\t\t\t<div class=\"img-inner dark\" >\n\t\t\t<img loading=\"lazy\" decoding=\"async\" width=\"460\" height=\"322\" src=\"https:\/\/rali-shop.de\/blog-de\/wp-content\/uploads\/2022\/07\/lame_droite-1.jpg\" class=\"attachment-large size-large\" alt=\"\" \/>\t\t\t\t\t\t\n\t\t\t\t\t<\/div>\n\t\t\t\t\t\t\t\t\n<style>\n#image_368678153 {\n  width: 100%;\n}\n<\/style>\n\t<\/div>\n\t\n\n\n\t\t<\/div>\n\t\t\t\t\t<\/div>\n\n\t\n\n<\/div>\n<div class=\"text-center\"><div class=\"is-divider divider clearfix\" style=\"max-width:115px;\"><\/div><\/div>\n\n<div class=\"row\"  id=\"row-1769521552\">\n\n\n\t<div id=\"col-937822888\" class=\"col medium-6 small-12 large-6\"  >\n\t\t\t\t<div class=\"col-inner\"  >\n\t\t\t\n\t\t\t\n\n\t<div class=\"img has-hover x md-x lg-x y md-y lg-y\" id=\"image_586038245\">\n\t\t\t\t\t\t\t\t<div class=\"img-inner dark\" >\n\t\t\t\t\t\t\t\t\t\n\t\t\t\t\t<\/div>\n\t\t\t\t\t\t\t\t\n<style>\n#image_586038245 {\n  width: 100%;\n}\n<\/style>\n\t<\/div>\n\t\n\n\t<div class=\"img has-hover x md-x lg-x y md-y lg-y\" id=\"image_1172587932\">\n\t\t\t\t\t\t\t\t<div class=\"img-inner dark\" >\n\t\t\t<img loading=\"lazy\" decoding=\"async\" width=\"460\" height=\"322\" src=\"https:\/\/rali-shop.de\/blog-de\/wp-content\/uploads\/2022\/07\/lame_courbe-1.jpg\" class=\"attachment-large size-large\" alt=\"\" \/>\t\t\t\t\t\t\n\t\t\t\t\t<\/div>\n\t\t\t\t\t\t\t\t\n<style>\n#image_1172587932 {\n  width: 100%;\n}\n<\/style>\n\t<\/div>\n\t\n\n\n\t\t<\/div>\n\t\t\t\t\t<\/div>\n\n\t\n\n\t<div id=\"col-41999604\" class=\"col medium-6 small-12 large-6\"  >\n\t\t\t\t<div class=\"col-inner\"  >\n\t\t\t\n\t\t\t\n\n<h2 class=\"titre_3\"><strong>Sims Hobel<\/strong><\/h2>\n<p class=\"wysiwyg\">F\u00fcr Feinarbeiten in Ecken, Winkel und Falz.<\/p>\n<p class=\"wysiwyg\">Das Messer ist vollkommen gerade und bis an die Extremit\u00e4ten gesch\u00e4rft. Sein seitlich verstellbares Messer erlaubt ein perfektes Hobeln in den Winkeln.<\/p>\n\n\t\t<\/div>\n\t\t\t\t\t<\/div>\n\n\t\n\n<\/div>\n<div class=\"text-center\"><div class=\"is-divider divider clearfix\" style=\"max-width:115px;\"><\/div><\/div>\n\n<div class=\"row\"  id=\"row-532286786\">\n\n\n\t<div id=\"col-1521051345\" class=\"col medium-6 small-12 large-6\"  >\n\t\t\t\t<div class=\"col-inner\"  >\n\t\t\t\n\t\t\t\n\n<h2 class=\"titre_3\"><strong>Zimmermann Hobel<\/strong><\/h2>\n<p class=\"wysiwyg\">Der Zimmermann Hobel&nbsp;<strong>RALI 220C<\/strong>&nbsp;ist f\u00fcr eine besondere Benutzung vorgesehen: er dient dazu, einen Winkel (Fase) in einem einzigen Durchgang zu brechen.<\/p>\n<p class=\"wysiwyg\">Dank seiner abgestuften Vordersohle in der Mitte, kann er Sp\u00e4ne zwischen 1.0 und 1.6 mm hobeln. So langt einen einzigen Durchgang um einen Winkel zu brechen und erlaubt Zeit zu gewinnen.<\/p>\n<p class=\"wysiwyg\">Dieser Hobel ist nicht f\u00fcr eine flache Ebene empfohlen. <br \/>Sollte er jedoch f\u00fcr diesen Zweck angewendet werden, so muss man ihn mit einem Winkel von 30 Grad nach links, in Bezug auf das Brett, verwenden. <br \/>So kann die Sohle auf beide R\u00e4nder gedr\u00fcckt werden, statt auf den zentralen Spalt.<\/p>\n\n\t\t<\/div>\n\t\t\t\t\t<\/div>\n\n\t\n\n\t<div id=\"col-663715119\" class=\"col medium-6 small-12 large-6\"  >\n\t\t\t\t<div class=\"col-inner\"  >\n\t\t\t\n\t\t\t\n\n\t<div class=\"img has-hover x md-x lg-x y md-y lg-y\" id=\"image_741858592\">\n\t\t\t\t\t\t\t\t<div class=\"img-inner image-cover dark\" style=\"padding-top:56.25%;\">\n\t\t\t<img loading=\"lazy\" decoding=\"async\" width=\"460\" height=\"322\" src=\"https:\/\/rali-shop.de\/blog-de\/wp-content\/uploads\/2022\/07\/220C_semelle-1.jpg\" class=\"attachment-large size-large\" alt=\"\" \/>\t\t\t\t\t\t\n\t\t\t\t\t<\/div>\n\t\t\t\t\t\t\t\t\n<style>\n#image_741858592 {\n  width: 98%;\n}\n<\/style>\n\t<\/div>\n\t\n\n\t\t<div class=\"video-responsive\">\n\t\t\t\t\n\n<iframe src=\"https:\/\/www.youtube.com\/embed\/cC5XIrpd0c8?cc_load_policy=1&amp;rel=0\" frameborder=\"0\"><\/iframe>\n\t\t<\/div>\n\t\n\n\t\t<\/div>\n\t\t\t\t\t<\/div>\n\n\t\n\n<\/div>\n<div class=\"text-center\"><div class=\"is-divider divider clearfix\" style=\"max-width:115px;\"><\/div><\/div>\n\n<div class=\"row\"  id=\"row-1094082707\">\n\n\n\t<div id=\"col-783027221\" class=\"col medium-6 small-12 large-6\"  >\n\t\t\t\t<div class=\"col-inner\"  >\n\t\t\t\n\t\t\t\n\n\t<div class=\"img has-hover x md-x lg-x y md-y lg-y\" id=\"image_563372272\">\n\t\t\t\t\t\t\t\t<div class=\"img-inner dark\" >\n\t\t\t<img loading=\"lazy\" decoding=\"async\" width=\"460\" height=\"322\" src=\"https:\/\/rali-shop.de\/blog-de\/wp-content\/uploads\/2022\/07\/260M_desc-1.jpg\" class=\"attachment-large size-large\" alt=\"\" \/>\t\t\t\t\t\t\n\t\t\t\t\t<\/div>\n\t\t\t\t\t\t\t\t\n<style>\n#image_563372272 {\n  width: 100%;\n}\n<\/style>\n\t<\/div>\n\t\n\n\t<div class=\"img has-hover x md-x lg-x y md-y lg-y\" id=\"image_1677534619\">\n\t\t\t\t\t\t\t\t<div class=\"img-inner dark\" >\n\t\t\t\t\t\t\t\t\t\n\t\t\t\t\t<\/div>\n\t\t\t\t\t\t\t\t\n<style>\n#image_1677534619 {\n  width: 100%;\n}\n<\/style>\n\t<\/div>\n\t\n\n\t\t<div class=\"video-responsive\">\n\t\t\t\t\n\n<iframe src=\"https:\/\/www.youtube.com\/embed\/NEsu8hS97_4?cc_load_policy=1&amp;rel=0\" frameborder=\"0\"><\/iframe>\n\t\t<\/div>\n\t\n\n\t\t<\/div>\n\t\t\t\t\t<\/div>\n\n\t\n\n\t<div id=\"col-625036929\" class=\"col medium-6 small-12 large-6\"  >\n\t\t\t\t<div class=\"col-inner\"  >\n\t\t\t\n\t\t\t\n\n<h2 class=\"titre_3\"><strong>Ecken Hobeln<\/strong><\/h2>\n<p class=\"wysiwyg\">Das Ecken Hobeln, oder senkrecht zu der Holzfaser, erfordert eine besondere Aufmerksamkeit um das Holz nicht abzureissen.<\/p>\n<p class=\"wysiwyg\">Es ist daher erforderlich, zuerst eine Fase auf der Ausgangskante zu hobeln.<\/p>\n<p class=\"wysiwyg\">Das Hobeleisen muss ganz nach vorne und auf das Minimum eingestellt sein.<\/p>\n\n\t\t<\/div>\n\t\t\t\t\t<\/div>\n\n\t\n\n<\/div>\n<div class=\"text-center\"><div class=\"is-divider divider clearfix\" style=\"max-width:115px;\"><\/div><\/div>\n\n<div class=\"row\"  id=\"row-1585314589\">\n\n\n\t<div id=\"col-1612219487\" class=\"col medium-6 small-12 large-6\"  >\n\t\t\t\t<div class=\"col-inner\"  >\n\t\t\t\n\t\t\t\n\n<h2 class=\"titre_3\"><strong>Anschlag<\/strong><\/h2>\n<p class=\"wysiwyg\">Eine wertvolle Hilfe um pr\u00e4zise Falzanschl\u00e4ge vollzubringen.<br \/>Die Graduierung erm\u00f6glicht eine exakte Einstellung der Falzbreite.<br \/>Der Anschlag ist standardm\u00e4ssig mit dem&nbsp;<strong>Simshobel G30<\/strong>&nbsp;geliefert. Er kann auf den&nbsp;<strong>Simshobel G03<\/strong>&nbsp;und auf den&nbsp;<strong>RALI pocket<\/strong>&nbsp;montiert werden. Er ist auch separat erh\u00e4ltlich.<br \/>Der Anschlag wird in wenigen Sekunden links oder rechts installiert.<\/p>\n<div class=\"row\"  id=\"row-1371174260\">\n\n\n\t<div id=\"col-338872831\" class=\"col medium-6 small-12 large-6\"  >\n\t\t\t\t<div class=\"col-inner\"  >\n\t\t\t\n\t\t\t\n\n\t<div class=\"img has-hover x md-x lg-x y md-y lg-y\" id=\"image_309074056\">\n\t\t\t\t\t\t\t\t<div class=\"img-inner dark\" >\n\t\t\t\t\t\t\t\t\t\n\t\t\t\t\t<\/div>\n\t\t\t\t\t\t\t\t\n<style>\n#image_309074056 {\n  width: 100%;\n}\n<\/style>\n\t<\/div>\n\t\n\n\t<div class=\"img has-hover x md-x lg-x y md-y lg-y\" id=\"image_1857382892\">\n\t\t\t\t\t\t\t\t<div class=\"img-inner dark\" >\n\t\t\t<img loading=\"lazy\" decoding=\"async\" width=\"460\" height=\"322\" src=\"https:\/\/rali-shop.de\/blog-de\/wp-content\/uploads\/2022\/07\/G03_2-1.jpg\" class=\"attachment-large size-large\" alt=\"\" \/>\t\t\t\t\t\t\n\t\t\t\t\t<\/div>\n\t\t\t\t\t\t\t\t\n<style>\n#image_1857382892 {\n  width: 100%;\n}\n<\/style>\n\t<\/div>\n\t\n\n\n\t\t<\/div>\n\t\t\t\t\t<\/div>\n\n\t\n\n\t<div id=\"col-1291877835\" class=\"col medium-6 small-12 large-6\"  >\n\t\t\t\t<div class=\"col-inner\"  >\n\t\t\t\n\t\t\t\n\n\t<div class=\"img has-hover x md-x lg-x y md-y lg-y\" id=\"image_1118773412\">\n\t\t\t\t\t\t\t\t<div class=\"img-inner dark\" >\n\t\t\t\t\t\t\t\t\t\n\t\t\t\t\t<\/div>\n\t\t\t\t\t\t\t\t\n<style>\n#image_1118773412 {\n  width: 100%;\n}\n<\/style>\n\t<\/div>\n\t\n\n\t<div class=\"img has-hover x md-x lg-x y md-y lg-y\" id=\"image_1857713231\">\n\t\t\t\t\t\t\t\t<div class=\"img-inner dark\" >\n\t\t\t<img loading=\"lazy\" decoding=\"async\" width=\"460\" height=\"322\" src=\"https:\/\/rali-shop.de\/blog-de\/wp-content\/uploads\/2022\/07\/pocket_2-1.jpg\" class=\"attachment-large size-large\" alt=\"\" \/>\t\t\t\t\t\t\n\t\t\t\t\t<\/div>\n\t\t\t\t\t\t\t\t\n<style>\n#image_1857713231 {\n  width: 100%;\n}\n<\/style>\n\t<\/div>\n\t\n\n\n\t\t<\/div>\n\t\t\t\t\t<\/div>\n\n\t\n\n<\/div>\n\n\t\t<\/div>\n\t\t\t\t\t<\/div>\n\n\t\n\n\t<div id=\"col-724779763\" class=\"col medium-6 small-12 large-6\"  >\n\t\t\t\t<div class=\"col-inner\"  >\n\t\t\t\n\t\t\t\n\n<div class=\"row\"  id=\"row-1416283283\">\n\n\n\t<div id=\"col-799689435\" class=\"col medium-6 small-12 large-6\"  >\n\t\t\t\t<div class=\"col-inner\"  >\n\t\t\t\n\t\t\t\n\n\t<div class=\"img has-hover x md-x lg-x y md-y lg-y\" id=\"image_2045871804\">\n\t\t\t\t\t\t\t\t<div class=\"img-inner dark\" >\n\t\t\t\t\t\t\t\t\t\n\t\t\t\t\t<\/div>\n\t\t\t\t\t\t\t\t\n<style>\n#image_2045871804 {\n  width: 100%;\n}\n<\/style>\n\t<\/div>\n\t\n\n\t<div class=\"img has-hover x md-x lg-x y md-y lg-y\" id=\"image_1004541050\">\n\t\t\t\t\t\t\t\t<div class=\"img-inner dark\" >\n\t\t\t<img loading=\"lazy\" decoding=\"async\" width=\"460\" height=\"322\" src=\"https:\/\/rali-shop.de\/blog-de\/wp-content\/uploads\/2022\/07\/guide-1.jpg\" class=\"attachment-large size-large\" alt=\"\" \/>\t\t\t\t\t\t\n\t\t\t\t\t<\/div>\n\t\t\t\t\t\t\t\t\n<style>\n#image_1004541050 {\n  width: 100%;\n}\n<\/style>\n\t<\/div>\n\t\n\n\n\t\t<\/div>\n\t\t\t\t\t<\/div>\n\n\t\n\n\t<div id=\"col-522654851\" class=\"col medium-6 small-12 large-6\"  >\n\t\t\t\t<div class=\"col-inner\"  >\n\t\t\t\n\t\t\t\n\n\t<div class=\"img has-hover x md-x lg-x y md-y lg-y\" id=\"image_157983494\">\n\t\t\t\t\t\t\t\t<div class=\"img-inner dark\" >\n\t\t\t\t\t\t\t\t\t\n\t\t\t\t\t<\/div>\n\t\t\t\t\t\t\t\t\n<style>\n#image_157983494 {\n  width: 100%;\n}\n<\/style>\n\t<\/div>\n\t\n\n\t<div class=\"img has-hover x md-x lg-x y md-y lg-y\" id=\"image_751726802\">\n\t\t\t\t\t\t\t\t<div class=\"img-inner dark\" >\n\t\t\t<img loading=\"lazy\" decoding=\"async\" width=\"460\" height=\"322\" src=\"https:\/\/rali-shop.de\/blog-de\/wp-content\/uploads\/2022\/07\/G30_desc-1.jpg\" class=\"attachment-large size-large\" alt=\"\" \/>\t\t\t\t\t\t\n\t\t\t\t\t<\/div>\n\t\t\t\t\t\t\t\t\n<style>\n#image_751726802 {\n  width: 100%;\n}\n<\/style>\n\t<\/div>\n\t\n\n\n\t\t<\/div>\n\t\t\t\t\t<\/div>\n\n\t\n\n<\/div>\n\t\t<div class=\"video-responsive\">\n\t\t\t\t\n\n<iframe src=\"https:\/\/www.youtube.com\/embed\/-FcLlv-IPM8?cc_load_policy=1&amp;rel=0\" frameborder=\"0\"><\/iframe>\n\t\t<\/div>\n\t\n\n\t\t<\/div>\n\t\t\t\t\t<\/div>\n\n\t\n\n<\/div>\n<div class=\"text-center\"><div class=\"is-divider divider clearfix\" style=\"max-width:115px;\"><\/div><\/div>\n\n<div class=\"row\"  id=\"row-430525498\">\n\n\n\t<div id=\"col-1749140983\" class=\"col medium-6 small-12 large-6\"  >\n\t\t\t\t<div class=\"col-inner\"  >\n\t\t\t\n\t\t\t\n\n\t\t<div class=\"video-responsive\">\n\t\t\t\t\n\n<iframe src=\"https:\/\/www.youtube.com\/embed\/K693fCO0RqI?cc_load_policy=1&amp;rel=0\" frameborder=\"0\"><\/iframe>\n\t\t<\/div>\n\t\n\t<div id=\"gap-633846499\" class=\"gap-element clearfix\" style=\"display:block; height:auto;\">\n\t\t\n<style>\n#gap-633846499 {\n  padding-top: 52px;\n}\n<\/style>\n\t<\/div>\n\t\n\n\t\t<div class=\"video-responsive\">\n\t\t\t\t\n\n<iframe src=\"https:\/\/www.youtube.com\/embed\/J54FcmLuJ8A?cc_load_policy=1&amp;rel=0\" frameborder=\"0\"><\/iframe>\n\t\t<\/div>\n\t\n\n\t\t<\/div>\n\t\t\t\t\t<\/div>\n\n\t\n\n\t<div id=\"col-1891055121\" class=\"col medium-6 small-12 large-6\"  >\n\t\t\t\t<div class=\"col-inner\"  >\n\t\t\t\n\t\t\t\n\n<h2 class=\"titre_3\"><strong>Falzanschlag<\/strong><\/h2>\n<p class=\"wysiwyg\">Sei es um einen Falzanschlag zu verbessern oder von A bis Z zu fertigen, die RALI Hobel haben die Antwort.<br \/>Der Simshobel G30 (zweih\u00e4ndig) oder der G03 (einh\u00e4ndig) erm\u00f6glichen pr\u00e4zise und exakte Falzanschl\u00e4ge zu realisieren.<br \/>Der Absatz- und Eckensimshobel B30 ist f\u00fcr die letzten paar Zentimeter des Eckens vorgesehen.<br \/>Die RALI Simshobel haben scharfe Klingen bis an den Rand. Verletzungsgefahr<br \/>Eine wertvolle Hilfe um pr\u00e4zise Falzanschl\u00e4ge vollzubringen.<\/p>\n\t\t<div class=\"video-responsive\">\n\t\t\t\t\n\n<iframe src=\"https:\/\/www.youtube.com\/embed\/fAvE2X7u1pQ?cc_load_policy=1&amp;rel=0\" frameborder=\"0\"><\/iframe>\n\t\t<\/div>\n\t\n\n\t\t<\/div>\n\t\t\t\t\t<\/div>\n\n\t\n\n<\/div>\n<div class=\"text-center\"><div class=\"is-divider divider clearfix\" style=\"max-width:115px;\"><\/div><\/div>\n\n\t<div id=\"text-2259778646\" class=\"text\">\n\t\t\n\n<h2 class=\"uppercase\">in diesem Moment<\/h2>\n\t\t\n<style>\n#text-2259778646 {\n  text-align: center;\n  color: rgb(0,0,0);\n}\n#text-2259778646 > * {\n  color: rgb(0,0,0);\n}\n<\/style>\n\t<\/div>\n\t\n\n<div class=\"row align-equal align-center\"  id=\"row-1375424501\">\n\n\n\t<div id=\"col-1685502101\" class=\"col medium-9 small-12 large-9\"  >\n\t\t\t\t<div class=\"col-inner text-center box-shadow-3 box-shadow-1-hover dark\" style=\"background-color:rgb(0,0,0);\" >\n\t\t\t\n\t\t\t\n\n\t<div id=\"text-2126222582\" class=\"text\">\n\t\t\n\n<p><span style=\"font-size: 300%;\"><span style=\"color: #ffffff;\">HEUTE<br \/><\/span><\/span><\/p>\n<p><span style=\"font-size: 200%;\"><span style=\"color: #ed1c24; font-size: 150%;\">-15\u20ac\/chf Rabatt<br \/><\/span>alle 100\u20ac\/chf Einkaufswert*<br \/><\/span><\/p>\n\t\t\n<style>\n#text-2126222582 {\n  font-size: 1rem;\n  line-height: 1.2;\n}\n<\/style>\n\t<\/div>\n\t\n<a href=\"\/hobel.html\" class=\"button success\"  >\n\t\t<span>Ich profitiere<\/span>\n\t<\/a>\n\n\n\t<div id=\"text-3274154215\" class=\"text\">\n\t\t\n\n<p>*au\u00dfer Sonderangebote<\/p>\n\t\t\n<style>\n#text-3274154215 {\n  text-align: right;\n}\n<\/style>\n\t<\/div>\n\t\n\n\t\t<\/div>\n\t\t\t\t\n<style>\n#col-1685502101 > .col-inner {\n  border-radius: 30px;\n}\n<\/style>\n\t<\/div>\n\n\t\n\n\t<div id=\"col-770517048\" class=\"col medium-9 small-12 large-9\"  >\n\t\t\t\t<div class=\"col-inner text-center box-shadow-3 box-shadow-1-hover dark\" style=\"background-color:rgb(0,0,0);\" >\n\t\t\t\n\t\t\t\n\n\t<div id=\"text-1535065255\" class=\"text\">\n\t\t\n\n<p><span style=\"font-size: 200%;\"><span style=\"font-size: 160%;\"><span style=\"color: #ffffff;\">PACKS ANGEBOT<br \/><\/span><\/span><\/span><\/p>\n<p><span style=\"font-size: 200%;\">Bis zu <span style=\"color: #ed1c24; font-size: 150%;\">-50% <\/span>auf das zweite Werkzeug<br \/>in unseren Ausstattungspaketen<\/span><\/p>\n\t\t\n<style>\n#text-1535065255 {\n  font-size: 1rem;\n  line-height: 1.2;\n}\n<\/style>\n\t<\/div>\n\t\n<a href=\"\/rabatt.html\" class=\"button success\"  >\n\t\t<span>Zu den Angeboten<\/span>\n\t<\/a>\n\n\n\t<div id=\"text-2986633609\" class=\"text hidden\">\n\t\t\n\n*Valid for a pack of 2 similar vices - The discount will be apply on the 2nd product\n\t\t\t<\/div>\n\t\n\n\t\t<\/div>\n\t\t\t\t\n<style>\n#col-770517048 > .col-inner {\n  border-radius: 30px;\n}\n<\/style>\n\t<\/div>\n\n\t\n\n\n<style>\n#row-1375424501 > .col > .col-inner {\n  background-color: rgb(0,0,0);\n}\n<\/style>\n<\/div>\n\n\n<div class=\"row align-equal align-center\"  id=\"row-1368491262\">\n\n\n\n\n<style>\n#row-1368491262 > .col > .col-inner {\n  background-color: rgb(0,0,0);\n}\n<\/style>\n<\/div>\n\n\n\t<div id=\"gap-1472260267\" class=\"gap-element clearfix\" style=\"display:block; height:auto;\">\n\t\t\n<style>\n#gap-1472260267 {\n  padding-top: 30px;\n}\n<\/style>\n\t<\/div>\n\t\n\n\n","protected":false},"excerpt":{"rendered":"","protected":false},"author":6,"featured_media":0,"parent":0,"menu_order":0,"comment_status":"closed","ping_status":"closed","template":"","meta":{"footnotes":""},"class_list":["post-4655","page","type-page","status-publish","hentry"],"yoast_head":"<!-- This site is optimized with the Yoast SEO plugin v25.1 - https:\/\/yoast.com\/wordpress\/plugins\/seo\/ -->\n<title>Wie sucht man sich seinen Hobel und Zubeh\u00f6r aus ? - RALI-Holzwerkzeuge f\u00fcr Profis<\/title>\n<meta name=\"robots\" content=\"index, follow, max-snippet:-1, max-image-preview:large, max-video-preview:-1\" \/>\n<link rel=\"canonical\" href=\"https:\/\/rali-shop.de\/blog-de\/wie-sucht-man-sich-seinen-hobel-und-zubehoer-aus\/\" \/>\n<meta property=\"og:locale\" content=\"de_DE\" \/>\n<meta property=\"og:type\" content=\"article\" \/>\n<meta property=\"og:title\" content=\"Wie sucht man sich seinen Hobel und Zubeh\u00f6r aus ? - RALI-Holzwerkzeuge f\u00fcr Profis\" \/>\n<meta property=\"og:url\" content=\"https:\/\/rali-shop.de\/blog-de\/wie-sucht-man-sich-seinen-hobel-und-zubehoer-aus\/\" \/>\n<meta property=\"og:site_name\" content=\"RALI-Holzwerkzeuge f\u00fcr Profis\" \/>\n<meta property=\"article:modified_time\" content=\"2022-11-10T14:18:40+00:00\" \/>\n<meta name=\"twitter:card\" content=\"summary_large_image\" \/>\n<meta name=\"twitter:label1\" content=\"Gesch\u00e4tzte Lesezeit\" \/>\n\t<meta name=\"twitter:data1\" content=\"4\u00a0Minuten\" \/>\n<script type=\"application\/ld+json\" class=\"yoast-schema-graph\">{\"@context\":\"https:\/\/schema.org\",\"@graph\":[{\"@type\":\"WebPage\",\"@id\":\"https:\/\/rali-shop.de\/blog-de\/wie-sucht-man-sich-seinen-hobel-und-zubehoer-aus\/\",\"url\":\"https:\/\/rali-shop.de\/blog-de\/wie-sucht-man-sich-seinen-hobel-und-zubehoer-aus\/\",\"name\":\"Wie sucht man sich seinen Hobel und Zubeh\u00f6r aus ? - RALI-Holzwerkzeuge f\u00fcr Profis\",\"isPartOf\":{\"@id\":\"https:\/\/rali-shop.de\/blog-de\/#website\"},\"datePublished\":\"2022-06-06T14:12:59+00:00\",\"dateModified\":\"2022-11-10T14:18:40+00:00\",\"inLanguage\":\"de\",\"potentialAction\":[{\"@type\":\"ReadAction\",\"target\":[\"https:\/\/rali-shop.de\/blog-de\/wie-sucht-man-sich-seinen-hobel-und-zubehoer-aus\/\"]}]},{\"@type\":\"WebSite\",\"@id\":\"https:\/\/rali-shop.de\/blog-de\/#website\",\"url\":\"https:\/\/rali-shop.de\/blog-de\/\",\"name\":\"RALI-Holzwerkzeuge f\u00fcr Profis\",\"description\":\"Holzwerkzeuge f\u00fcr Enthusiasten\",\"publisher\":{\"@id\":\"https:\/\/rali-shop.de\/blog-de\/#organization\"},\"potentialAction\":[{\"@type\":\"SearchAction\",\"target\":{\"@type\":\"EntryPoint\",\"urlTemplate\":\"https:\/\/rali-shop.de\/blog-de\/?s={search_term_string}\"},\"query-input\":{\"@type\":\"PropertyValueSpecification\",\"valueRequired\":true,\"valueName\":\"search_term_string\"}}],\"inLanguage\":\"de\"},{\"@type\":\"Organization\",\"@id\":\"https:\/\/rali-shop.de\/blog-de\/#organization\",\"name\":\"RALI\",\"url\":\"https:\/\/rali-shop.de\/blog-de\/\",\"logo\":{\"@type\":\"ImageObject\",\"inLanguage\":\"de\",\"@id\":\"https:\/\/rali-shop.de\/blog-de\/#\/schema\/logo\/image\/\",\"url\":\"https:\/\/rali-shop.de\/blog-de\/wp-content\/uploads\/2021\/07\/LOGO-RALI-new.gif\",\"contentUrl\":\"https:\/\/rali-shop.de\/blog-de\/wp-content\/uploads\/2021\/07\/LOGO-RALI-new.gif\",\"width\":959,\"height\":524,\"caption\":\"RALI\"},\"image\":{\"@id\":\"https:\/\/rali-shop.de\/blog-de\/#\/schema\/logo\/image\/\"}}]}<\/script>\n<!-- \/ Yoast SEO plugin. -->","yoast_head_json":{"title":"Wie sucht man sich seinen Hobel und Zubeh\u00f6r aus ? - RALI-Holzwerkzeuge f\u00fcr Profis","robots":{"index":"index","follow":"follow","max-snippet":"max-snippet:-1","max-image-preview":"max-image-preview:large","max-video-preview":"max-video-preview:-1"},"canonical":"https:\/\/rali-shop.de\/blog-de\/wie-sucht-man-sich-seinen-hobel-und-zubehoer-aus\/","og_locale":"de_DE","og_type":"article","og_title":"Wie sucht man sich seinen Hobel und Zubeh\u00f6r aus ? - RALI-Holzwerkzeuge f\u00fcr Profis","og_url":"https:\/\/rali-shop.de\/blog-de\/wie-sucht-man-sich-seinen-hobel-und-zubehoer-aus\/","og_site_name":"RALI-Holzwerkzeuge f\u00fcr Profis","article_modified_time":"2022-11-10T14:18:40+00:00","twitter_card":"summary_large_image","twitter_misc":{"Gesch\u00e4tzte Lesezeit":"4\u00a0Minuten"},"schema":{"@context":"https:\/\/schema.org","@graph":[{"@type":"WebPage","@id":"https:\/\/rali-shop.de\/blog-de\/wie-sucht-man-sich-seinen-hobel-und-zubehoer-aus\/","url":"https:\/\/rali-shop.de\/blog-de\/wie-sucht-man-sich-seinen-hobel-und-zubehoer-aus\/","name":"Wie sucht man sich seinen Hobel und Zubeh\u00f6r aus ? - RALI-Holzwerkzeuge f\u00fcr Profis","isPartOf":{"@id":"https:\/\/rali-shop.de\/blog-de\/#website"},"datePublished":"2022-06-06T14:12:59+00:00","dateModified":"2022-11-10T14:18:40+00:00","inLanguage":"de","potentialAction":[{"@type":"ReadAction","target":["https:\/\/rali-shop.de\/blog-de\/wie-sucht-man-sich-seinen-hobel-und-zubehoer-aus\/"]}]},{"@type":"WebSite","@id":"https:\/\/rali-shop.de\/blog-de\/#website","url":"https:\/\/rali-shop.de\/blog-de\/","name":"RALI-Holzwerkzeuge f\u00fcr Profis","description":"Holzwerkzeuge f\u00fcr Enthusiasten","publisher":{"@id":"https:\/\/rali-shop.de\/blog-de\/#organization"},"potentialAction":[{"@type":"SearchAction","target":{"@type":"EntryPoint","urlTemplate":"https:\/\/rali-shop.de\/blog-de\/?s={search_term_string}"},"query-input":{"@type":"PropertyValueSpecification","valueRequired":true,"valueName":"search_term_string"}}],"inLanguage":"de"},{"@type":"Organization","@id":"https:\/\/rali-shop.de\/blog-de\/#organization","name":"RALI","url":"https:\/\/rali-shop.de\/blog-de\/","logo":{"@type":"ImageObject","inLanguage":"de","@id":"https:\/\/rali-shop.de\/blog-de\/#\/schema\/logo\/image\/","url":"https:\/\/rali-shop.de\/blog-de\/wp-content\/uploads\/2021\/07\/LOGO-RALI-new.gif","contentUrl":"https:\/\/rali-shop.de\/blog-de\/wp-content\/uploads\/2021\/07\/LOGO-RALI-new.gif","width":959,"height":524,"caption":"RALI"},"image":{"@id":"https:\/\/rali-shop.de\/blog-de\/#\/schema\/logo\/image\/"}}]}},"_links":{"self":[{"href":"https:\/\/rali-shop.de\/blog-de\/wp-json\/wp\/v2\/pages\/4655","targetHints":{"allow":["GET"]}}],"collection":[{"href":"https:\/\/rali-shop.de\/blog-de\/wp-json\/wp\/v2\/pages"}],"about":[{"href":"https:\/\/rali-shop.de\/blog-de\/wp-json\/wp\/v2\/types\/page"}],"author":[{"embeddable":true,"href":"https:\/\/rali-shop.de\/blog-de\/wp-json\/wp\/v2\/users\/6"}],"replies":[{"embeddable":true,"href":"https:\/\/rali-shop.de\/blog-de\/wp-json\/wp\/v2\/comments?post=4655"}],"version-history":[{"count":7,"href":"https:\/\/rali-shop.de\/blog-de\/wp-json\/wp\/v2\/pages\/4655\/revisions"}],"predecessor-version":[{"id":4874,"href":"https:\/\/rali-shop.de\/blog-de\/wp-json\/wp\/v2\/pages\/4655\/revisions\/4874"}],"wp:attachment":[{"href":"https:\/\/rali-shop.de\/blog-de\/wp-json\/wp\/v2\/media?parent=4655"}],"curies":[{"name":"wp","href":"https:\/\/api.w.org\/{rel}","templated":true}]}}