{"id":4841,"date":"2022-10-14T12:11:58","date_gmt":"2022-10-14T10:11:58","guid":{"rendered":"https:\/\/rali-shop.de\/blog-de\/?page_id=4841"},"modified":"2023-01-13T15:24:34","modified_gmt":"2023-01-13T14:24:34","slug":"der-groesste-hobel-der-welt","status":"publish","type":"page","link":"https:\/\/rali-shop.de\/blog-de\/der-groesste-hobel-der-welt\/","title":{"rendered":"Der gr\u00f6\u00dfte Hobel der Welt?"},"content":{"rendered":"\n\n  <div class=\"banner has-hover has-video\" id=\"banner-201956726\">\n          <div class=\"banner-inner fill\">\n        <div class=\"banner-bg fill\" >\n                        \t<div class=\"video-overlay no-click fill visible\"><\/div>\n\t<video class=\"video-bg fill visible\" preload playsinline autoplay muted loop>\n\t\t<source src=\"https:\/\/video.rali.ch\/plus-grand-rabot.mp4\" type=\"video\/mp4\">\t<\/video>\n                        \n                    <\/div>\n\t\t\n        <div class=\"banner-layers container\">\n            <div class=\"fill banner-link\"><\/div>            \n\n   <div id=\"text-box-650429480\" class=\"text-box banner-layer x50 md-x50 lg-x50 y10 md-y10 lg-y10 res-text\">\n                                <div class=\"text-box-content text dark text-shadow-5\">\n              \n              <div class=\"text-inner text-center\">\n                  \n\n\t<div id=\"text-3268499972\" class=\"text\">\n\t\t\n\n<h1 class=\"uppercase\">NOCH NIE REALIESIERT<\/h1>\n<h1 class=\"alt-font\">Der gr\u00f6\u00dfte Hobel der Welt?<\/h1>\n\t\t\n<style>\n#text-3268499972 {\n  font-size: 1.25rem;\n  text-align: center;\n}\n<\/style>\n\t<\/div>\n\t\n\n              <\/div>\n           <\/div>\n                            \n<style>\n#text-box-650429480 .text-box-content {\n  border-radius: 3px;\n  font-size: 100%;\n}\n#text-box-650429480 {\n  width: 96%;\n}\n<\/style>\n    <\/div>\n \n\n        <\/div>\n      <\/div>\n\n            \n<style>\n#banner-201956726 {\n  padding-top: 56.25%;\n}\n<\/style>\n  <\/div>\n\n\n\t<div id=\"gap-1719433843\" class=\"gap-element clearfix\" style=\"display:block; height:auto;\">\n\t\t\n<style>\n#gap-1719433843 {\n  padding-top: 20px;\n}\n<\/style>\n\t<\/div>\n\t\n\n\t<div id=\"text-2784586672\" class=\"text\">\n\t\t\n\n<p><strong>Wir sind seit \u00fcber 50 Jahren Hersteller von Handwerkzeugen f\u00fcr die Holzbearbeitung.<\/strong><br><strong>Wir sind stolz darauf, Ihnen diese Realisierung pr\u00e4sentieren zu k\u00f6nnen, die aus unserem Know-how entstanden ist.<\/strong><\/p>\n\t\t\n<style>\n#text-2784586672 {\n  text-align: center;\n}\n<\/style>\n\t<\/div>\n\t\n<div class=\"row\"  id=\"row-2118175564\">\n\n\n\t<div id=\"col-1244796010\" class=\"col medium-6 small-12 large-6\"  >\n\t\t\t\t<div class=\"col-inner\"  >\n\t\t\t\n\t\t\t\n\n\t<div class=\"box has-hover   has-hover box-text-bottom\" >\n\n\t\t<div class=\"box-image\" >\n\t\t\t\t\t\t<div class=\"image-cover\" style=\"padding-top:75%;\">\n\t\t\t\t<img loading=\"lazy\" decoding=\"async\" width=\"600\" height=\"400\" src=\"https:\/\/rali-shop.de\/blog-de\/wp-content\/uploads\/2022\/10\/2018-06-28_11-38-48_Vaillancourt_Ch\u00e2tel-Saint-Denis_018-600x400.jpg\" class=\"attachment-medium size-medium\" alt=\"\" srcset=\"https:\/\/rali-shop.de\/blog-de\/wp-content\/uploads\/2022\/10\/2018-06-28_11-38-48_Vaillancourt_Ch\u00e2tel-Saint-Denis_018-600x400.jpg 600w, https:\/\/rali-shop.de\/blog-de\/wp-content\/uploads\/2022\/10\/2018-06-28_11-38-48_Vaillancourt_Ch\u00e2tel-Saint-Denis_018-1200x800.jpg 1200w, https:\/\/rali-shop.de\/blog-de\/wp-content\/uploads\/2022\/10\/2018-06-28_11-38-48_Vaillancourt_Ch\u00e2tel-Saint-Denis_018-768x512.jpg 768w, https:\/\/rali-shop.de\/blog-de\/wp-content\/uploads\/2022\/10\/2018-06-28_11-38-48_Vaillancourt_Ch\u00e2tel-Saint-Denis_018-1536x1024.jpg 1536w, https:\/\/rali-shop.de\/blog-de\/wp-content\/uploads\/2022\/10\/2018-06-28_11-38-48_Vaillancourt_Ch\u00e2tel-Saint-Denis_018-2048x1365.jpg 2048w\" sizes=\"auto, (max-width: 600px) 100vw, 600px\" \/>\t\t\t\t\t\t\t\t\t\t\t<\/div>\n\t\t\t\t\t<\/div>\n\n\t\t<div class=\"box-text text-center\" >\n\t\t\t<div class=\"box-text-inner\">\n\t\t\t\t\n\n<p><strong>Alain Vaillancourt (ber\u00fchmter kanadischer Youtuber &#8211; 160 000 Abonnenten) kam in die Fabrik, um sich den gr\u00f6\u00dften Hobel der Welt anzusehen.<\/strong><\/p>\n\n\t\t\t<\/div>\n\t\t<\/div>\n\t<\/div>\n\t\n\n\t\t<\/div>\n\t\t\t\t\t<\/div>\n\n\t\n\n\t<div id=\"col-624812930\" class=\"col medium-6 small-12 large-6\"  >\n\t\t\t\t<div class=\"col-inner\"  >\n\t\t\t\n\t\t\t\n\n\t<div class=\"box has-hover   has-hover box-text-bottom\" >\n\n\t\t<div class=\"box-image\" >\n\t\t\t\t\t\t<div class=\"image-cover\" style=\"padding-top:75%;\">\n\t\t\t\t<img loading=\"lazy\" decoding=\"async\" width=\"1020\" height=\"651\" src=\"https:\/\/rali-shop.de\/blog-de\/wp-content\/uploads\/2022\/10\/taille-rellle-de-1253x800.jpg\" class=\"attachment-large size-large\" alt=\"\" srcset=\"https:\/\/rali-shop.de\/blog-de\/wp-content\/uploads\/2022\/10\/taille-rellle-de-1253x800.jpg 1253w, https:\/\/rali-shop.de\/blog-de\/wp-content\/uploads\/2022\/10\/taille-rellle-de-627x400.jpg 627w, https:\/\/rali-shop.de\/blog-de\/wp-content\/uploads\/2022\/10\/taille-rellle-de-768x490.jpg 768w, https:\/\/rali-shop.de\/blog-de\/wp-content\/uploads\/2022\/10\/taille-rellle-de-1536x980.jpg 1536w, https:\/\/rali-shop.de\/blog-de\/wp-content\/uploads\/2022\/10\/taille-rellle-de.jpg 1891w\" sizes=\"auto, (max-width: 1020px) 100vw, 1020px\" \/>\t\t\t\t\t\t\t\t\t\t\t<\/div>\n\t\t\t\t\t<\/div>\n\n\t\t<div class=\"box-text text-center\" >\n\t\t\t<div class=\"box-text-inner\">\n\t\t\t\t\n\n<p><strong>Originalversion und Riesenversion unseres Hobels 220 EVOLUTION.<\/strong><\/p>\n\n\t\t\t<\/div>\n\t\t<\/div>\n\t<\/div>\n\t\n\n\t\t<\/div>\n\t\t\t\t\t<\/div>\n\n\t\n\n<\/div>\n\t<div id=\"text-491788757\" class=\"text\">\n\t\t\n\n<h5 style=\"text-align: center;\"><strong>Wir stellen hochwertige Hobel f\u00fcr Profis und passionierte Amateure her.&nbsp;<\/strong><\/h5>\n<h5 style=\"text-align: center;\"><strong>Unsere Kunden sch\u00e4tzen die einfache Bedienung, die schnellen Einstellungen, das ersparte Schleifen, die Qualit\u00e4t der Herstellung und die einfache Kontaktaufnahme und Beratung.<\/strong><\/h5>\n\t\t\n<style>\n#text-491788757 {\n  text-align: center;\n}\n<\/style>\n\t<\/div>\n\t\n<div class=\"row\"  id=\"row-954697415\">\n\n\n\t<div id=\"col-62267896\" class=\"col medium-6 small-12 large-6\"  >\n\t\t\t\t<div class=\"col-inner text-center\"  >\n\t\t\t\n\t\t\t\n\n<a href=\"\/hobel.html\" class=\"button success\"  >\n\t\t<span>ALLE PROFESSIONELLEN HOBEL ANSEHEN<\/span>\n\t<\/a>\n\n\n\n\t\t<\/div>\n\t\t\t\t\t<\/div>\n\n\t\n\n\t<div id=\"col-1241980169\" class=\"col medium-6 small-12 large-6\"  >\n\t\t\t\t<div class=\"col-inner text-center\"  >\n\t\t\t\n\t\t\t\n\n<a href=\"\/koffer.html\" class=\"button success\"  >\n\t\t<span>ALLE AUSR\u00dcSTUNGSKOFFER ANSEHEN<\/span>\n\t<\/a>\n\n\n\n\t\t<\/div>\n\t\t\t\t\t<\/div>\n\n\t\n\n<\/div>\n<div class=\"container section-title-container\" ><h2 class=\"section-title section-title-center\"><b><\/b><span class=\"section-title-main\" >In diesem moment<\/span><b><\/b><\/h2><\/div>\n\n<div class=\"row align-center\"  id=\"row-241445003\">\n\n\n\t<div id=\"col-1058593934\" class=\"col medium-9 small-12 large-9\"  >\n\t\t\t\t<div class=\"col-inner text-center\"  >\n\t\t\t\n\t\t\t\n\n\t<div class=\"img has-hover x md-x lg-x y md-y lg-y\" id=\"image_1079013676\">\n\t\t<a class=\"\" href=\"\/rabots.html\" >\t\t\t\t\t\t<div class=\"img-inner box-shadow-2 dark\" >\n\t\t\t\t\t\t\t\t\t\n\t\t\t\t\t<\/div>\n\t\t\t\t\t\t<\/a>\t\t\n<style>\n#image_1079013676 {\n  width: 100%;\n}\n<\/style>\n\t<\/div>\n\t\n\n\n\t\t<\/div>\n\t\t\t\t\t<\/div>\n\n\t\n\n<\/div>\n<div class=\"row align-equal align-center\"  id=\"row-379486655\">\n\n\n\t<div id=\"col-1239167727\" class=\"col medium-9 small-12 large-9\"  >\n\t\t\t\t<div class=\"col-inner text-center box-shadow-3 box-shadow-1-hover dark\" style=\"background-color:rgb(0,0,0);\" >\n\t\t\t\n\t\t\t\n\n\t<div id=\"text-1546738761\" class=\"text\">\n\t\t\n\n<p><span style=\"font-size: 300%;\"><span style=\"color: #ffffff;\">HEUTE<br \/><\/span><\/span><\/p>\n<p><span style=\"font-size: 200%;\"><span style=\"color: #ed1c24; font-size: 150%;\">-15\u20ac\/chf Rabatt<br \/><\/span>alle 100\u20ac\/chf Einkaufswert*<br \/><\/span><\/p>\n\t\t\n<style>\n#text-1546738761 {\n  font-size: 1rem;\n  line-height: 1.2;\n}\n<\/style>\n\t<\/div>\n\t\n<a href=\"\/hobel.html\" class=\"button success\"  >\n\t\t<span>Ich profitiere<\/span>\n\t<\/a>\n\n\n\t<div id=\"text-2106772604\" class=\"text\">\n\t\t\n\n<p>*au\u00dfer Sonderangebote<\/p>\n\t\t\n<style>\n#text-2106772604 {\n  text-align: right;\n}\n<\/style>\n\t<\/div>\n\t\n\n\t\t<\/div>\n\t\t\t\t\n<style>\n#col-1239167727 > .col-inner {\n  border-radius: 30px;\n}\n<\/style>\n\t<\/div>\n\n\t\n\n\t<div id=\"col-1711615745\" class=\"col medium-9 small-12 large-9\"  >\n\t\t\t\t<div class=\"col-inner text-center box-shadow-3 box-shadow-1-hover dark\" style=\"background-color:rgb(0,0,0);\" >\n\t\t\t\n\t\t\t\n\n\t<div id=\"text-1150349613\" class=\"text\">\n\t\t\n\n<p><span style=\"font-size: 200%;\"><span style=\"font-size: 160%;\"><span style=\"color: #ffffff;\">PACKS ANGEBOT<br \/><\/span><\/span><\/span><\/p>\n<p><span style=\"font-size: 200%;\">Bis zu <span style=\"color: #ed1c24; font-size: 150%;\">-50% <\/span>auf das zweite Werkzeug<br \/>in unseren Ausstattungspaketen<\/span><\/p>\n\t\t\n<style>\n#text-1150349613 {\n  font-size: 1rem;\n  line-height: 1.2;\n}\n<\/style>\n\t<\/div>\n\t\n<a href=\"\/rabatt.html\" class=\"button success\"  >\n\t\t<span>Zu den Angeboten<\/span>\n\t<\/a>\n\n\n\t<div id=\"text-1074762587\" class=\"text hidden\">\n\t\t\n\n*Valid for a pack of 2 similar vices - The discount will be apply on the 2nd product\n\t\t\t<\/div>\n\t\n\n\t\t<\/div>\n\t\t\t\t\n<style>\n#col-1711615745 > .col-inner {\n  border-radius: 30px;\n}\n<\/style>\n\t<\/div>\n\n\t\n\n\n<style>\n#row-379486655 > .col > .col-inner {\n  background-color: rgb(0,0,0);\n}\n<\/style>\n<\/div>\n\n\n<div class=\"row align-equal align-center\"  id=\"row-606005942\">\n\n\n\n\n<style>\n#row-606005942 > .col > .col-inner {\n  background-color: rgb(0,0,0);\n}\n<\/style>\n<\/div>\n\n\n\n","protected":false},"excerpt":{"rendered":"<p>Wir sind seit \u00fcber 50 Jahren Hersteller von Handwerkzeugen f\u00fcr die Holzbearbeitung.<br \/>\nWir sind stolz darauf, Ihnen diese Realisierung pr\u00e4sentieren zu k\u00f6nnen, die aus unserem Know-how entstanden ist.<\/p>\n","protected":false},"author":1,"featured_media":4843,"parent":0,"menu_order":0,"comment_status":"closed","ping_status":"closed","template":"","meta":{"footnotes":""},"class_list":["post-4841","page","type-page","status-publish","has-post-thumbnail","hentry"],"yoast_head":"<!-- This site is optimized with the Yoast SEO plugin v25.1 - https:\/\/yoast.com\/wordpress\/plugins\/seo\/ -->\n<title>Der gr\u00f6\u00dfte Hobel der Welt? - RALI-Holzwerkzeuge f\u00fcr Profis<\/title>\n<meta name=\"robots\" content=\"index, follow, max-snippet:-1, max-image-preview:large, max-video-preview:-1\" \/>\n<link rel=\"canonical\" href=\"https:\/\/rali-shop.de\/blog-de\/der-groesste-hobel-der-welt\/\" \/>\n<meta property=\"og:locale\" content=\"de_DE\" \/>\n<meta property=\"og:type\" content=\"article\" \/>\n<meta property=\"og:title\" content=\"Der gr\u00f6\u00dfte Hobel der Welt? - RALI-Holzwerkzeuge f\u00fcr Profis\" \/>\n<meta property=\"og:description\" content=\"Wir sind seit \u00fcber 50 Jahren Hersteller von Handwerkzeugen f\u00fcr die Holzbearbeitung. Wir sind stolz darauf, Ihnen diese Realisierung pr\u00e4sentieren zu k\u00f6nnen, die aus unserem Know-how entstanden ist.\" \/>\n<meta property=\"og:url\" content=\"https:\/\/rali-shop.de\/blog-de\/der-groesste-hobel-der-welt\/\" \/>\n<meta property=\"og:site_name\" content=\"RALI-Holzwerkzeuge f\u00fcr Profis\" \/>\n<meta property=\"article:modified_time\" content=\"2023-01-13T14:24:34+00:00\" \/>\n<meta property=\"og:image\" content=\"https:\/\/rali-shop.de\/blog-de\/wp-content\/uploads\/2022\/10\/plus-grand-rabot-du-monde2.jpg\" \/>\n\t<meta property=\"og:image:width\" content=\"465\" \/>\n\t<meta property=\"og:image:height\" content=\"262\" \/>\n\t<meta property=\"og:image:type\" content=\"image\/jpeg\" \/>\n<meta name=\"twitter:card\" content=\"summary_large_image\" \/>\n<meta name=\"twitter:label1\" content=\"Gesch\u00e4tzte Lesezeit\" \/>\n\t<meta name=\"twitter:data1\" content=\"1\u00a0Minute\" \/>\n<script type=\"application\/ld+json\" class=\"yoast-schema-graph\">{\"@context\":\"https:\/\/schema.org\",\"@graph\":[{\"@type\":\"WebPage\",\"@id\":\"https:\/\/rali-shop.de\/blog-de\/der-groesste-hobel-der-welt\/\",\"url\":\"https:\/\/rali-shop.de\/blog-de\/der-groesste-hobel-der-welt\/\",\"name\":\"Der gr\u00f6\u00dfte Hobel der Welt? - RALI-Holzwerkzeuge f\u00fcr Profis\",\"isPartOf\":{\"@id\":\"https:\/\/rali-shop.de\/blog-de\/#website\"},\"primaryImageOfPage\":{\"@id\":\"https:\/\/rali-shop.de\/blog-de\/der-groesste-hobel-der-welt\/#primaryimage\"},\"image\":{\"@id\":\"https:\/\/rali-shop.de\/blog-de\/der-groesste-hobel-der-welt\/#primaryimage\"},\"thumbnailUrl\":\"https:\/\/rali-shop.de\/blog-de\/wp-content\/uploads\/2022\/10\/plus-grand-rabot-du-monde2.jpg\",\"datePublished\":\"2022-10-14T10:11:58+00:00\",\"dateModified\":\"2023-01-13T14:24:34+00:00\",\"inLanguage\":\"de\",\"potentialAction\":[{\"@type\":\"ReadAction\",\"target\":[\"https:\/\/rali-shop.de\/blog-de\/der-groesste-hobel-der-welt\/\"]}]},{\"@type\":\"ImageObject\",\"inLanguage\":\"de\",\"@id\":\"https:\/\/rali-shop.de\/blog-de\/der-groesste-hobel-der-welt\/#primaryimage\",\"url\":\"https:\/\/rali-shop.de\/blog-de\/wp-content\/uploads\/2022\/10\/plus-grand-rabot-du-monde2.jpg\",\"contentUrl\":\"https:\/\/rali-shop.de\/blog-de\/wp-content\/uploads\/2022\/10\/plus-grand-rabot-du-monde2.jpg\",\"width\":465,\"height\":262},{\"@type\":\"WebSite\",\"@id\":\"https:\/\/rali-shop.de\/blog-de\/#website\",\"url\":\"https:\/\/rali-shop.de\/blog-de\/\",\"name\":\"RALI-Holzwerkzeuge f\u00fcr Profis\",\"description\":\"Holzwerkzeuge f\u00fcr Enthusiasten\",\"publisher\":{\"@id\":\"https:\/\/rali-shop.de\/blog-de\/#organization\"},\"potentialAction\":[{\"@type\":\"SearchAction\",\"target\":{\"@type\":\"EntryPoint\",\"urlTemplate\":\"https:\/\/rali-shop.de\/blog-de\/?s={search_term_string}\"},\"query-input\":{\"@type\":\"PropertyValueSpecification\",\"valueRequired\":true,\"valueName\":\"search_term_string\"}}],\"inLanguage\":\"de\"},{\"@type\":\"Organization\",\"@id\":\"https:\/\/rali-shop.de\/blog-de\/#organization\",\"name\":\"RALI\",\"url\":\"https:\/\/rali-shop.de\/blog-de\/\",\"logo\":{\"@type\":\"ImageObject\",\"inLanguage\":\"de\",\"@id\":\"https:\/\/rali-shop.de\/blog-de\/#\/schema\/logo\/image\/\",\"url\":\"https:\/\/rali-shop.de\/blog-de\/wp-content\/uploads\/2021\/07\/LOGO-RALI-new.gif\",\"contentUrl\":\"https:\/\/rali-shop.de\/blog-de\/wp-content\/uploads\/2021\/07\/LOGO-RALI-new.gif\",\"width\":959,\"height\":524,\"caption\":\"RALI\"},\"image\":{\"@id\":\"https:\/\/rali-shop.de\/blog-de\/#\/schema\/logo\/image\/\"}}]}<\/script>\n<!-- \/ Yoast SEO plugin. -->","yoast_head_json":{"title":"Der gr\u00f6\u00dfte Hobel der Welt? - RALI-Holzwerkzeuge f\u00fcr Profis","robots":{"index":"index","follow":"follow","max-snippet":"max-snippet:-1","max-image-preview":"max-image-preview:large","max-video-preview":"max-video-preview:-1"},"canonical":"https:\/\/rali-shop.de\/blog-de\/der-groesste-hobel-der-welt\/","og_locale":"de_DE","og_type":"article","og_title":"Der gr\u00f6\u00dfte Hobel der Welt? - RALI-Holzwerkzeuge f\u00fcr Profis","og_description":"Wir sind seit \u00fcber 50 Jahren Hersteller von Handwerkzeugen f\u00fcr die Holzbearbeitung. Wir sind stolz darauf, Ihnen diese Realisierung pr\u00e4sentieren zu k\u00f6nnen, die aus unserem Know-how entstanden ist.","og_url":"https:\/\/rali-shop.de\/blog-de\/der-groesste-hobel-der-welt\/","og_site_name":"RALI-Holzwerkzeuge f\u00fcr Profis","article_modified_time":"2023-01-13T14:24:34+00:00","og_image":[{"width":465,"height":262,"url":"https:\/\/rali-shop.de\/blog-de\/wp-content\/uploads\/2022\/10\/plus-grand-rabot-du-monde2.jpg","type":"image\/jpeg"}],"twitter_card":"summary_large_image","twitter_misc":{"Gesch\u00e4tzte Lesezeit":"1\u00a0Minute"},"schema":{"@context":"https:\/\/schema.org","@graph":[{"@type":"WebPage","@id":"https:\/\/rali-shop.de\/blog-de\/der-groesste-hobel-der-welt\/","url":"https:\/\/rali-shop.de\/blog-de\/der-groesste-hobel-der-welt\/","name":"Der gr\u00f6\u00dfte Hobel der Welt? - RALI-Holzwerkzeuge f\u00fcr Profis","isPartOf":{"@id":"https:\/\/rali-shop.de\/blog-de\/#website"},"primaryImageOfPage":{"@id":"https:\/\/rali-shop.de\/blog-de\/der-groesste-hobel-der-welt\/#primaryimage"},"image":{"@id":"https:\/\/rali-shop.de\/blog-de\/der-groesste-hobel-der-welt\/#primaryimage"},"thumbnailUrl":"https:\/\/rali-shop.de\/blog-de\/wp-content\/uploads\/2022\/10\/plus-grand-rabot-du-monde2.jpg","datePublished":"2022-10-14T10:11:58+00:00","dateModified":"2023-01-13T14:24:34+00:00","inLanguage":"de","potentialAction":[{"@type":"ReadAction","target":["https:\/\/rali-shop.de\/blog-de\/der-groesste-hobel-der-welt\/"]}]},{"@type":"ImageObject","inLanguage":"de","@id":"https:\/\/rali-shop.de\/blog-de\/der-groesste-hobel-der-welt\/#primaryimage","url":"https:\/\/rali-shop.de\/blog-de\/wp-content\/uploads\/2022\/10\/plus-grand-rabot-du-monde2.jpg","contentUrl":"https:\/\/rali-shop.de\/blog-de\/wp-content\/uploads\/2022\/10\/plus-grand-rabot-du-monde2.jpg","width":465,"height":262},{"@type":"WebSite","@id":"https:\/\/rali-shop.de\/blog-de\/#website","url":"https:\/\/rali-shop.de\/blog-de\/","name":"RALI-Holzwerkzeuge f\u00fcr Profis","description":"Holzwerkzeuge f\u00fcr Enthusiasten","publisher":{"@id":"https:\/\/rali-shop.de\/blog-de\/#organization"},"potentialAction":[{"@type":"SearchAction","target":{"@type":"EntryPoint","urlTemplate":"https:\/\/rali-shop.de\/blog-de\/?s={search_term_string}"},"query-input":{"@type":"PropertyValueSpecification","valueRequired":true,"valueName":"search_term_string"}}],"inLanguage":"de"},{"@type":"Organization","@id":"https:\/\/rali-shop.de\/blog-de\/#organization","name":"RALI","url":"https:\/\/rali-shop.de\/blog-de\/","logo":{"@type":"ImageObject","inLanguage":"de","@id":"https:\/\/rali-shop.de\/blog-de\/#\/schema\/logo\/image\/","url":"https:\/\/rali-shop.de\/blog-de\/wp-content\/uploads\/2021\/07\/LOGO-RALI-new.gif","contentUrl":"https:\/\/rali-shop.de\/blog-de\/wp-content\/uploads\/2021\/07\/LOGO-RALI-new.gif","width":959,"height":524,"caption":"RALI"},"image":{"@id":"https:\/\/rali-shop.de\/blog-de\/#\/schema\/logo\/image\/"}}]}},"_links":{"self":[{"href":"https:\/\/rali-shop.de\/blog-de\/wp-json\/wp\/v2\/pages\/4841","targetHints":{"allow":["GET"]}}],"collection":[{"href":"https:\/\/rali-shop.de\/blog-de\/wp-json\/wp\/v2\/pages"}],"about":[{"href":"https:\/\/rali-shop.de\/blog-de\/wp-json\/wp\/v2\/types\/page"}],"author":[{"embeddable":true,"href":"https:\/\/rali-shop.de\/blog-de\/wp-json\/wp\/v2\/users\/1"}],"replies":[{"embeddable":true,"href":"https:\/\/rali-shop.de\/blog-de\/wp-json\/wp\/v2\/comments?post=4841"}],"version-history":[{"count":3,"href":"https:\/\/rali-shop.de\/blog-de\/wp-json\/wp\/v2\/pages\/4841\/revisions"}],"predecessor-version":[{"id":4851,"href":"https:\/\/rali-shop.de\/blog-de\/wp-json\/wp\/v2\/pages\/4841\/revisions\/4851"}],"wp:featuredmedia":[{"embeddable":true,"href":"https:\/\/rali-shop.de\/blog-de\/wp-json\/wp\/v2\/media\/4843"}],"wp:attachment":[{"href":"https:\/\/rali-shop.de\/blog-de\/wp-json\/wp\/v2\/media?parent=4841"}],"curies":[{"name":"wp","href":"https:\/\/api.w.org\/{rel}","templated":true}]}}