{"id":4927,"date":"2022-11-08T11:07:00","date_gmt":"2022-11-08T10:07:00","guid":{"rendered":"https:\/\/rali-shop.de\/blog-de\/?page_id=4927"},"modified":"2023-01-05T08:50:13","modified_gmt":"2023-01-05T07:50:13","slug":"konzept-schluss-mit-dem-schaerfen-mit-den-rali-hobeln-2","status":"publish","type":"page","link":"https:\/\/rali-shop.de\/blog-de\/konzept-schluss-mit-dem-schaerfen-mit-den-rali-hobeln-2\/","title":{"rendered":"Konzept : Schluss mit dem schaerfen mit den RALI hobeln"},"content":{"rendered":"\n<\/p>\n<div class=\"video video-fit mb\" style=\"padding-top:56.25%;\"><iframe loading=\"lazy\" title=\"RALI innovation\" width=\"1020\" height=\"574\" src=\"https:\/\/www.youtube.com\/embed\/rxhrkcMB0uw?feature=oembed\" frameborder=\"0\" allow=\"accelerometer; autoplay; clipboard-write; encrypted-media; gyroscope; picture-in-picture\" allowfullscreen><\/iframe><\/div>\n\n\t<div id=\"gap-1271364371\" class=\"gap-element clearfix hide-for-small\" style=\"display:block; height:auto;\">\n\t\t\n<style>\n#gap-1271364371 {\n  padding-top: 30px;\n}\n<\/style>\n\t<\/div>\n\t\n\n<div class=\"row row-large align-middle align-center\"  id=\"row-335131168\">\n\n\n\t<div id=\"col-1293456326\" class=\"col medium-9 small-12 large-6\"  >\n\t\t\t\t<div class=\"col-inner text-left\"  >\n\t\t\t\n\t\t\t\n\n\t<div id=\"text-344979234\" class=\"text\">\n\t\t\n\n<h2 class=\"uppercase\" style=\"text-align: center;\">DAS WECHSELN DER MESSER IN WENIGER ALS 10 SEKUNDEN.<\/h2>\n<p style=\"text-align: center;\"><span style=\"font-size: 100%;\">Mit unserem Konzept der austauschbaren Messer verschwenden Sie keine Zeit mehr mit dem Sch\u00e4rfen Ihrer Werkzeuge und k\u00f6nnen Ihr Messer in weniger als 10 Sekunden austauschen.<\/span><\/p>\n\n<div style=\"text-align: center;\">&nbsp;<\/div>\n<div style=\"text-align: center;\"><span style=\"font-size: 100%;\">Es ist keine Wartung erforderlich, Sie m\u00fcssen nur das Messer austauschen, um die urspr\u00fcngliche Sch\u00e4rfe wiederherzustellen.<\/span><\/div>\n\t\t\n<style>\n#text-344979234 {\n  font-size: 0.75rem;\n  text-align: center;\n}\n@media (min-width:550px) {\n  #text-344979234 {\n    font-size: 1.25rem;\n  }\n}\n<\/style>\n\t<\/div>\n\t\n\n\t\t<\/div>\n\t\t\t\t\n<style>\n#col-1293456326 > .col-inner {\n  padding: 0px 0px 0px 0px;\n}\n@media (min-width:850px) {\n  #col-1293456326 > .col-inner {\n    padding: 0px 50px 0px 50px;\n  }\n}\n<\/style>\n\t<\/div>\n\n\t\n\n\t<div id=\"col-1848440226\" class=\"col medium-9 small-12 large-6 medium-col-first\"  >\n\t\t\t\t<div class=\"col-inner\"  >\n\t\t\t\n\t\t\t\n\n\t<div class=\"img has-hover x md-x lg-x y md-y lg-y\" id=\"image_381426504\">\n\t\t\t\t\t\t\t\t<div class=\"img-inner dark\" >\n\t\t\t<img loading=\"lazy\" decoding=\"async\" width=\"460\" height=\"322\" src=\"https:\/\/rali-shop.de\/blog-de\/wp-content\/uploads\/2021\/04\/changement-de-lame.jpeg\" class=\"attachment-large size-large\" alt=\"\" \/>\t\t\t\t\t\t\n\t\t\t\t\t<\/div>\n\t\t\t\t\t\t\t\t\n<style>\n#image_381426504 {\n  width: 100%;\n}\n<\/style>\n\t<\/div>\n\t\n\n\n\t\t<\/div>\n\t\t\t\t\t<\/div>\n\n\t\n\n<\/div>\n<div class=\"row row-large align-middle align-center\"  id=\"row-148181375\">\n\n\n\t<div id=\"col-1188111462\" class=\"col medium-9 small-12 large-6\"  >\n\t\t\t\t<div class=\"col-inner\"  >\n\t\t\t\n\t\t\t\n\n\t<div class=\"img has-hover x md-x lg-x y md-y lg-y\" id=\"image_145645208\">\n\t\t\t\t\t\t\t\t<div class=\"img-inner dark\" >\n\t\t\t<img loading=\"lazy\" decoding=\"async\" width=\"1020\" height=\"680\" src=\"https:\/\/rali-shop.de\/blog-de\/wp-content\/uploads\/2021\/04\/Rali-Lames-01-1200x800.jpg\" class=\"attachment-large size-large\" alt=\"\" srcset=\"https:\/\/rali-shop.de\/blog-de\/wp-content\/uploads\/2021\/04\/Rali-Lames-01-1200x800.jpg 1200w, https:\/\/rali-shop.de\/blog-de\/wp-content\/uploads\/2021\/04\/Rali-Lames-01-600x400.jpg 600w, https:\/\/rali-shop.de\/blog-de\/wp-content\/uploads\/2021\/04\/Rali-Lames-01-768x512.jpg 768w, https:\/\/rali-shop.de\/blog-de\/wp-content\/uploads\/2021\/04\/Rali-Lames-01-1536x1024.jpg 1536w, https:\/\/rali-shop.de\/blog-de\/wp-content\/uploads\/2021\/04\/Rali-Lames-01-2048x1365.jpg 2048w\" sizes=\"auto, (max-width: 1020px) 100vw, 1020px\" \/>\t\t\t\t\t\t\n\t\t\t\t\t<\/div>\n\t\t\t\t\t\t\t\t\n<style>\n#image_145645208 {\n  width: 100%;\n}\n<\/style>\n\t<\/div>\n\t\n\n\n\t\t<\/div>\n\t\t\t\t\t<\/div>\n\n\t\n\n\t<div id=\"col-1007024879\" class=\"col medium-9 small-12 large-6\"  >\n\t\t\t\t<div class=\"col-inner text-left\"  >\n\t\t\t\n\t\t\t\n\n\t<div id=\"text-2607590309\" class=\"text\">\n\t\t\n\n<h2 class=\"uppercase\" style=\"text-align: center;\"><span style=\"font-size: 100%;\">EINE AUSSERGEW\u00d6HNLICH LANGE LEBENSDAUER<\/span><\/h2>\n<p style=\"text-align: center;\">Durch den hochwertigen Stahl, der f\u00fcr die Herstellung der Messer verwendet wird, wird die Lebensdauer der Messer erheblich verl\u00e4ngert, sodass Sie bei all Ihren Arbeiten stets von deren Sch\u00e4rfe profitieren k\u00f6nnen.<\/p>\n\t\t\n<style>\n#text-2607590309 {\n  font-size: 0.75rem;\n  line-height: 2;\n}\n@media (min-width:550px) {\n  #text-2607590309 {\n    font-size: 1.25rem;\n  }\n}\n<\/style>\n\t<\/div>\n\t\n\n\t\t<\/div>\n\t\t\t\t\n<style>\n#col-1007024879 > .col-inner {\n  padding: 0px 0px 0px 0px;\n}\n@media (min-width:850px) {\n  #col-1007024879 > .col-inner {\n    padding: 0px 50px 0px 50px;\n  }\n}\n<\/style>\n\t<\/div>\n\n\t\n\n<\/div>\n<div class=\"row row-large align-middle align-center\"  id=\"row-1999535896\">\n\n\n\t<div id=\"col-1759101571\" class=\"col medium-9 small-12 large-6\"  >\n\t\t\t\t<div class=\"col-inner text-left\"  >\n\t\t\t\n\t\t\t\n\n\t<div id=\"text-3739212569\" class=\"text\">\n\t\t\n\n<h2 class=\"uppercase\" style=\"text-align: center;\"><span style=\"font-size: 100%;\">EINE SCHNEIDKANTE WERKGARANTIERT.<\/span><\/h2>\n<p style=\"text-align: center;\">Die Sch\u00e4rfe und der Schnittwinkel der Messer sind werksseitig garantiert und sorgen f\u00fcr perfekt geschliffene Messer f\u00fcr alle Ihre Hobel und Stechbeitel, f\u00fcr Weich- und Hartholz.<\/p>\n\n<div style=\"text-align: center;\">&nbsp;<\/div>\n<div style=\"text-align: center;\">Ein Pr\u00e4zisionsschliff erfordert eine gewisse technische Fertigkeit und macht es oft erforderlich, diesen Vorgang von einem spezialisierten Sch\u00e4rfer durchf\u00fchren zu lassen oder teure professionelle Maschinen anzuschaffen.<\/div>\n\t\t\n<style>\n#text-3739212569 {\n  font-size: 0.75rem;\n}\n@media (min-width:550px) {\n  #text-3739212569 {\n    font-size: 1.25rem;\n  }\n}\n<\/style>\n\t<\/div>\n\t\n\n\t\t<\/div>\n\t\t\t\t\n<style>\n#col-1759101571 > .col-inner {\n  padding: 0px 0px 0px 0px;\n}\n@media (min-width:850px) {\n  #col-1759101571 > .col-inner {\n    padding: 0px 50px 0px 50px;\n  }\n}\n<\/style>\n\t<\/div>\n\n\t\n\n\t<div id=\"col-41143370\" class=\"col medium-9 small-12 large-6 medium-col-first\"  >\n\t\t\t\t<div class=\"col-inner\"  >\n\t\t\t\n\t\t\t\n\n\t<div class=\"img has-hover x md-x lg-x y md-y lg-y\" id=\"image_1837401226\">\n\t\t\t\t\t\t\t\t<div class=\"img-inner dark\" >\n\t\t\t<img loading=\"lazy\" decoding=\"async\" width=\"460\" height=\"322\" src=\"https:\/\/rali-shop.de\/blog-de\/wp-content\/uploads\/2021\/04\/lame_droite.jpeg\" class=\"attachment-large size-large\" alt=\"\" \/>\t\t\t\t\t\t\n\t\t\t\t\t<\/div>\n\t\t\t\t\t\t\t\t\n<style>\n#image_1837401226 {\n  width: 100%;\n}\n<\/style>\n\t<\/div>\n\t\n\n\n\t\t<\/div>\n\t\t\t\t\t<\/div>\n\n\t\n\n<\/div>\n<div class=\"row row-large align-middle align-center\"  id=\"row-1292591934\">\n\n\n\t<div id=\"col-994679528\" class=\"col medium-9 small-12 large-6 medium-col-first\"  >\n\t\t\t\t<div class=\"col-inner\"  >\n\t\t\t\n\t\t\t\n\n\t<div class=\"img has-hover x md-x lg-x y md-y lg-y\" id=\"image_841357728\">\n\t\t\t\t\t\t\t\t<div class=\"img-inner dark\" >\n\t\t\t<img loading=\"lazy\" decoding=\"async\" width=\"460\" height=\"322\" src=\"https:\/\/rali-shop.de\/blog-de\/wp-content\/uploads\/2021\/04\/profondeur-lame.jpeg\" class=\"attachment-large size-large\" alt=\"\" \/>\t\t\t\t\t\t\n\t\t\t\t\t<\/div>\n\t\t\t\t\t\t\t\t\n<style>\n#image_841357728 {\n  width: 100%;\n}\n<\/style>\n\t<\/div>\n\t\n\n\n\t\t<\/div>\n\t\t\t\t\t<\/div>\n\n\t\n\n\t<div id=\"col-270950244\" class=\"col medium-9 small-12 large-6\"  >\n\t\t\t\t<div class=\"col-inner text-left\"  >\n\t\t\t\n\t\t\t\n\n\t<div id=\"text-580708593\" class=\"text\">\n\t\t\n\n<h2 class=\"uppercase\" style=\"text-align: center;\"><span style=\"font-size: 100%;\">MARKIERT DIE KANTEN NICHT<\/span><\/h2>\n<p style=\"text-align: center;\">Die Form der Schneidkante ist an den Kanten leicht angehoben, damit sie das Holz nicht markiert und Sie unter allen Umst\u00e4nden ein professionelles Ergebnis erzielen k\u00f6nnen.<\/p>\n\t\t\n<style>\n#text-580708593 {\n  font-size: 0.75rem;\n}\n@media (min-width:550px) {\n  #text-580708593 {\n    font-size: 1.25rem;\n  }\n}\n<\/style>\n\t<\/div>\n\t\n\n\t\t<\/div>\n\t\t\t\t\n<style>\n#col-270950244 > .col-inner {\n  padding: 0px 0px 0px 0px;\n}\n@media (min-width:850px) {\n  #col-270950244 > .col-inner {\n    padding: 0px 50px 0px 50px;\n  }\n}\n<\/style>\n\t<\/div>\n\n\t\n\n<\/div>\n<div class=\"row row-large align-middle align-center\"  id=\"row-830089022\">\n\n\n\t<div id=\"col-442416263\" class=\"col medium-9 small-12 large-6\"  >\n\t\t\t\t<div class=\"col-inner text-left\"  >\n\t\t\t\n\t\t\t\n\n\t<div id=\"text-494917817\" class=\"text\">\n\t\t\n\n<h2 class=\"uppercase\" style=\"text-align: center;\"><span style=\"font-size: 100%;\">EINE ECHTE ERSPARNIS<\/span><\/h2>\n<div style=\"text-align: center;\">Mit RALI-Messer sparen Sie bis zum Dreifachen des Preises, den Sie f\u00fcr das professionelle Sch\u00e4rfen einer Klinge zahlen m\u00fcssten.&nbsp;<\/div>\n<div style=\"text-align: center;\">&nbsp;<\/div>\n<div style=\"text-align: center;\">Sie brauchen nicht mehr in Sch\u00e4rfematerial zu investieren oder zu einem Sch\u00e4rfer zu fahren, Ihre Werkzeuge bleiben immer sofort einsatzbereit und scharf wie im Original.<\/div>\n\t\t\n<style>\n#text-494917817 {\n  font-size: 0.75rem;\n}\n@media (min-width:550px) {\n  #text-494917817 {\n    font-size: 1.25rem;\n  }\n}\n<\/style>\n\t<\/div>\n\t\n\n\t\t<\/div>\n\t\t\t\t\n<style>\n#col-442416263 > .col-inner {\n  padding: 0px 0px 0px 0px;\n}\n@media (min-width:850px) {\n  #col-442416263 > .col-inner {\n    padding: 0px 50px 0px 50px;\n  }\n}\n<\/style>\n\t<\/div>\n\n\t\n\n\t<div id=\"col-1906877201\" class=\"col medium-9 small-12 large-6 medium-col-first\"  >\n\t\t\t\t<div class=\"col-inner\"  >\n\t\t\t\n\t\t\t\n\n\t<div class=\"img has-hover x md-x lg-x y md-y lg-y\" id=\"image_766593750\">\n\t\t\t\t\t\t\t\t<div class=\"img-inner dark\" >\n\t\t\t<img loading=\"lazy\" decoding=\"async\" width=\"600\" height=\"400\" src=\"https:\/\/rali-shop.de\/blog-de\/wp-content\/uploads\/2021\/04\/ciseau-affutage-600.jpeg\" class=\"attachment-large size-large\" alt=\"TORMEK\" \/>\t\t\t\t\t\t\n\t\t\t\t\t<\/div>\n\t\t\t\t\t\t\t\t\n<style>\n#image_766593750 {\n  width: 100%;\n}\n<\/style>\n\t<\/div>\n\t\n\n\n\t\t<\/div>\n\t\t\t\t\t<\/div>\n\n\t\n\n<\/div>\n<div class=\"row row-large align-middle align-center\"  id=\"row-241279756\">\n\n\n\t<div id=\"col-1642736461\" class=\"col medium-9 small-12 large-6 medium-col-first\"  >\n\t\t\t\t<div class=\"col-inner\"  >\n\t\t\t\n\t\t\t\n\n\t<div class=\"img has-hover x md-x lg-x y md-y lg-y\" id=\"image_1174789710\">\n\t\t\t\t\t\t\t\t<div class=\"img-inner dark\" >\n\t\t\t<img loading=\"lazy\" decoding=\"async\" width=\"640\" height=\"426\" src=\"https:\/\/rali-shop.de\/blog-de\/wp-content\/uploads\/2021\/04\/clou_-_copie.jpeg\" class=\"attachment-large size-large\" alt=\"\" srcset=\"https:\/\/rali-shop.de\/blog-de\/wp-content\/uploads\/2021\/04\/clou_-_copie.jpeg 640w, https:\/\/rali-shop.de\/blog-de\/wp-content\/uploads\/2021\/04\/clou_-_copie-601x400.jpeg 601w\" sizes=\"auto, (max-width: 640px) 100vw, 640px\" \/>\t\t\t\t\t\t\n\t\t\t\t\t<\/div>\n\t\t\t\t\t\t\t\t\n<style>\n#image_1174789710 {\n  width: 100%;\n}\n<\/style>\n\t<\/div>\n\t\n\n\n\t\t<\/div>\n\t\t\t\t\t<\/div>\n\n\t\n\n\t<div id=\"col-1623674346\" class=\"col medium-9 small-12 large-6\"  >\n\t\t\t\t<div class=\"col-inner text-left\"  >\n\t\t\t\n\t\t\t\n\n\t<div id=\"text-2327939052\" class=\"text\">\n\t\t\n\n<h2 class=\"uppercase\" style=\"text-align: center;\"><span style=\"font-size: 100%;\">SCHLUSS MIT ZWISCHENF\u00c4LLEN BEIM HOBELN!<\/span><\/h2>\n<p style=\"text-align: center;\">Ein falscher Nagel, ein Sturz Ihres Werkzeugs und Sie verlieren schnell Ihren Arbeitstag. Mit den RALI-Doppelhobelmessern drehen Sie Ihr Messer einfach um und setzen Ihre Arbeit fort.<\/p>\n\t\t\n<style>\n#text-2327939052 {\n  font-size: 0.75rem;\n}\n@media (min-width:550px) {\n  #text-2327939052 {\n    font-size: 1.25rem;\n  }\n}\n<\/style>\n\t<\/div>\n\t\n\n\t\t<\/div>\n\t\t\t\t\n<style>\n#col-1623674346 > .col-inner {\n  padding: 0px 0px 0px 0px;\n}\n@media (min-width:850px) {\n  #col-1623674346 > .col-inner {\n    padding: 0px 50px 0px 50px;\n  }\n}\n<\/style>\n\t<\/div>\n\n\t\n\n<\/div>\n<div class=\"row row-large align-middle align-center\"  id=\"row-925434522\">\n\n\n\t<div id=\"col-227830851\" class=\"col medium-9 small-12 large-6\"  >\n\t\t\t\t<div class=\"col-inner text-left\"  >\n\t\t\t\n\t\t\t\n\n\t<div id=\"text-893349667\" class=\"text\">\n\t\t\n\n<h2 class=\"uppercase\" style=\"text-align: center;\"><span style=\"font-size: 100%;\">EIN EINZIGES WERKZEUG F\u00dcR JEDE ART VON HOLZ<\/span><\/h2>\n<p style=\"text-align: center;\">Mit der Wahl, ob Sie Chrom- oder Hartmetallmesser verwenden m\u00f6chten, k\u00f6nnen Sie mit einem einzigen Werkzeug alle Arten von Holz bearbeiten, egal ob hart oder weich. Der Messerwechsel ist in wenigen Sekunden erledigt. Im Griff befindet sich ein Aufbewahrungsfach f\u00fcr die Messer, sodass sie jederzeit verf\u00fcgbar sind.<\/p>\n\t\t\n<style>\n#text-893349667 {\n  font-size: 0.75rem;\n}\n@media (min-width:550px) {\n  #text-893349667 {\n    font-size: 1.25rem;\n  }\n}\n<\/style>\n\t<\/div>\n\t\n\n\t\t<\/div>\n\t\t\t\t\n<style>\n#col-227830851 > .col-inner {\n  padding: 0px 0px 0px 0px;\n}\n@media (min-width:850px) {\n  #col-227830851 > .col-inner {\n    padding: 0px 50px 0px 50px;\n  }\n}\n<\/style>\n\t<\/div>\n\n\t\n\n\t<div id=\"col-902106190\" class=\"col medium-9 small-12 large-6 medium-col-first\"  >\n\t\t\t\t<div class=\"col-inner\"  >\n\t\t\t\n\t\t\t\n\n\t<div class=\"img has-hover x md-x lg-x y md-y lg-y\" id=\"image_2117859518\">\n\t\t\t\t\t\t\t\t<div class=\"img-inner dark\" >\n\t\t\t<img loading=\"lazy\" decoding=\"async\" width=\"460\" height=\"322\" src=\"https:\/\/rali-shop.de\/blog-de\/wp-content\/uploads\/2021\/04\/220_evon.jpeg\" class=\"attachment-large size-large\" alt=\"\" \/>\t\t\t\t\t\t\n\t\t\t\t\t<\/div>\n\t\t\t\t\t\t\t\t\n<style>\n#image_2117859518 {\n  width: 100%;\n}\n<\/style>\n\t<\/div>\n\t\n\n\n\t\t<\/div>\n\t\t\t\t\t<\/div>\n\n\t\n\n<\/div>\n<div class=\"container section-title-container hidden\" ><h1 class=\"section-title section-title-center\"><b><\/b><span class=\"section-title-main\" style=\"font-size:150%;\">En ce moment<\/span><b><\/b><\/h1><\/div>\n\n\t<div id=\"text-693696767\" class=\"text\">\n\t\t\n\n<h2>In diesem moment<\/h2>\n\t\t\n<style>\n#text-693696767 {\n  text-align: center;\n}\n<\/style>\n\t<\/div>\n\t\n<div class=\"row align-equal align-center\"  id=\"row-1792852834\">\n\n\n\t<div id=\"col-1350070330\" class=\"col medium-9 small-12 large-9\"  >\n\t\t\t\t<div class=\"col-inner text-center box-shadow-3 box-shadow-1-hover dark\" style=\"background-color:rgb(0,0,0);\" >\n\t\t\t\n\t\t\t\n\n\t<div id=\"text-1523971419\" class=\"text\">\n\t\t\n\n<p><span style=\"font-size: 300%;\"><span style=\"color: #ffffff;\">HEUTE<br \/><\/span><\/span><\/p>\n<p><span style=\"font-size: 200%;\"><span style=\"color: #ed1c24; font-size: 150%;\">-15\u20ac\/chf Rabatt<br \/><\/span>alle 100\u20ac\/chf Einkaufswert*<br \/><\/span><\/p>\n\t\t\n<style>\n#text-1523971419 {\n  font-size: 1rem;\n  line-height: 1.2;\n}\n<\/style>\n\t<\/div>\n\t\n<a href=\"\/hobel.html\" class=\"button success\"  >\n\t\t<span>Ich profitiere<\/span>\n\t<\/a>\n\n\n\t<div id=\"text-2590648161\" class=\"text\">\n\t\t\n\n<p>*au\u00dfer Sonderangebote<\/p>\n\t\t\n<style>\n#text-2590648161 {\n  text-align: right;\n}\n<\/style>\n\t<\/div>\n\t\n\n\t\t<\/div>\n\t\t\t\t\n<style>\n#col-1350070330 > .col-inner {\n  border-radius: 30px;\n}\n<\/style>\n\t<\/div>\n\n\t\n\n\t<div id=\"col-1709452120\" class=\"col medium-9 small-12 large-9\"  >\n\t\t\t\t<div class=\"col-inner text-center box-shadow-3 box-shadow-1-hover dark\" style=\"background-color:rgb(0,0,0);\" >\n\t\t\t\n\t\t\t\n\n\t<div id=\"text-789768972\" class=\"text\">\n\t\t\n\n<p><span style=\"font-size: 200%;\"><span style=\"font-size: 160%;\"><span style=\"color: #ffffff;\">PACKS ANGEBOT<br \/><\/span><\/span><\/span><\/p>\n<p><span style=\"font-size: 200%;\">Bis zu <span style=\"color: #ed1c24; font-size: 150%;\">-50% <\/span>auf das zweite Werkzeug<br \/>in unseren Ausstattungspaketen<\/span><\/p>\n\t\t\n<style>\n#text-789768972 {\n  font-size: 1rem;\n  line-height: 1.2;\n}\n<\/style>\n\t<\/div>\n\t\n<a href=\"\/rabatt.html\" class=\"button success\"  >\n\t\t<span>Zu den Angeboten<\/span>\n\t<\/a>\n\n\n\t<div id=\"text-2696421334\" class=\"text hidden\">\n\t\t\n\n*Valid for a pack of 2 similar vices - The discount will be apply on the 2nd product\n\t\t\t<\/div>\n\t\n\n\t\t<\/div>\n\t\t\t\t\n<style>\n#col-1709452120 > .col-inner {\n  border-radius: 30px;\n}\n<\/style>\n\t<\/div>\n\n\t\n\n\n<style>\n#row-1792852834 > .col > .col-inner {\n  background-color: rgb(0,0,0);\n}\n<\/style>\n<\/div>\n\n\n<div class=\"row align-equal align-center\"  id=\"row-542481975\">\n\n\n\n\n<style>\n#row-542481975 > .col > .col-inner {\n  background-color: rgb(0,0,0);\n}\n<\/style>\n<\/div>\n\n\n\n","protected":false},"excerpt":{"rendered":"","protected":false},"author":1,"featured_media":0,"parent":0,"menu_order":0,"comment_status":"closed","ping_status":"closed","template":"","meta":{"footnotes":""},"class_list":["post-4927","page","type-page","status-publish","hentry"],"yoast_head":"<!-- This site is optimized with the Yoast SEO plugin v25.1 - https:\/\/yoast.com\/wordpress\/plugins\/seo\/ -->\n<title>Konzept : Schluss mit dem schaerfen mit den RALI hobeln - RALI-Holzwerkzeuge f\u00fcr Profis<\/title>\n<meta name=\"robots\" content=\"index, follow, max-snippet:-1, max-image-preview:large, max-video-preview:-1\" \/>\n<link rel=\"canonical\" href=\"https:\/\/rali-shop.de\/blog-de\/konzept-schluss-mit-dem-schaerfen-mit-den-rali-hobeln-2\/\" \/>\n<meta property=\"og:locale\" content=\"de_DE\" \/>\n<meta property=\"og:type\" content=\"article\" \/>\n<meta property=\"og:title\" content=\"Konzept : Schluss mit dem schaerfen mit den RALI hobeln - RALI-Holzwerkzeuge f\u00fcr Profis\" \/>\n<meta property=\"og:url\" content=\"https:\/\/rali-shop.de\/blog-de\/konzept-schluss-mit-dem-schaerfen-mit-den-rali-hobeln-2\/\" \/>\n<meta property=\"og:site_name\" content=\"RALI-Holzwerkzeuge f\u00fcr Profis\" \/>\n<meta property=\"article:modified_time\" content=\"2023-01-05T07:50:13+00:00\" \/>\n<meta name=\"twitter:card\" content=\"summary_large_image\" \/>\n<meta name=\"twitter:label1\" content=\"Gesch\u00e4tzte Lesezeit\" \/>\n\t<meta name=\"twitter:data1\" content=\"4\u00a0Minuten\" \/>\n<script type=\"application\/ld+json\" class=\"yoast-schema-graph\">{\"@context\":\"https:\/\/schema.org\",\"@graph\":[{\"@type\":\"WebPage\",\"@id\":\"https:\/\/rali-shop.de\/blog-de\/konzept-schluss-mit-dem-schaerfen-mit-den-rali-hobeln-2\/\",\"url\":\"https:\/\/rali-shop.de\/blog-de\/konzept-schluss-mit-dem-schaerfen-mit-den-rali-hobeln-2\/\",\"name\":\"Konzept : Schluss mit dem schaerfen mit den RALI hobeln - RALI-Holzwerkzeuge f\u00fcr Profis\",\"isPartOf\":{\"@id\":\"https:\/\/rali-shop.de\/blog-de\/#website\"},\"datePublished\":\"2022-11-08T10:07:00+00:00\",\"dateModified\":\"2023-01-05T07:50:13+00:00\",\"inLanguage\":\"de\",\"potentialAction\":[{\"@type\":\"ReadAction\",\"target\":[\"https:\/\/rali-shop.de\/blog-de\/konzept-schluss-mit-dem-schaerfen-mit-den-rali-hobeln-2\/\"]}]},{\"@type\":\"WebSite\",\"@id\":\"https:\/\/rali-shop.de\/blog-de\/#website\",\"url\":\"https:\/\/rali-shop.de\/blog-de\/\",\"name\":\"RALI-Holzwerkzeuge f\u00fcr Profis\",\"description\":\"Holzwerkzeuge f\u00fcr Enthusiasten\",\"publisher\":{\"@id\":\"https:\/\/rali-shop.de\/blog-de\/#organization\"},\"potentialAction\":[{\"@type\":\"SearchAction\",\"target\":{\"@type\":\"EntryPoint\",\"urlTemplate\":\"https:\/\/rali-shop.de\/blog-de\/?s={search_term_string}\"},\"query-input\":{\"@type\":\"PropertyValueSpecification\",\"valueRequired\":true,\"valueName\":\"search_term_string\"}}],\"inLanguage\":\"de\"},{\"@type\":\"Organization\",\"@id\":\"https:\/\/rali-shop.de\/blog-de\/#organization\",\"name\":\"RALI\",\"url\":\"https:\/\/rali-shop.de\/blog-de\/\",\"logo\":{\"@type\":\"ImageObject\",\"inLanguage\":\"de\",\"@id\":\"https:\/\/rali-shop.de\/blog-de\/#\/schema\/logo\/image\/\",\"url\":\"https:\/\/rali-shop.de\/blog-de\/wp-content\/uploads\/2021\/07\/LOGO-RALI-new.gif\",\"contentUrl\":\"https:\/\/rali-shop.de\/blog-de\/wp-content\/uploads\/2021\/07\/LOGO-RALI-new.gif\",\"width\":959,\"height\":524,\"caption\":\"RALI\"},\"image\":{\"@id\":\"https:\/\/rali-shop.de\/blog-de\/#\/schema\/logo\/image\/\"}}]}<\/script>\n<!-- \/ Yoast SEO plugin. -->","yoast_head_json":{"title":"Konzept : Schluss mit dem schaerfen mit den RALI hobeln - RALI-Holzwerkzeuge f\u00fcr Profis","robots":{"index":"index","follow":"follow","max-snippet":"max-snippet:-1","max-image-preview":"max-image-preview:large","max-video-preview":"max-video-preview:-1"},"canonical":"https:\/\/rali-shop.de\/blog-de\/konzept-schluss-mit-dem-schaerfen-mit-den-rali-hobeln-2\/","og_locale":"de_DE","og_type":"article","og_title":"Konzept : Schluss mit dem schaerfen mit den RALI hobeln - RALI-Holzwerkzeuge f\u00fcr Profis","og_url":"https:\/\/rali-shop.de\/blog-de\/konzept-schluss-mit-dem-schaerfen-mit-den-rali-hobeln-2\/","og_site_name":"RALI-Holzwerkzeuge f\u00fcr Profis","article_modified_time":"2023-01-05T07:50:13+00:00","twitter_card":"summary_large_image","twitter_misc":{"Gesch\u00e4tzte Lesezeit":"4\u00a0Minuten"},"schema":{"@context":"https:\/\/schema.org","@graph":[{"@type":"WebPage","@id":"https:\/\/rali-shop.de\/blog-de\/konzept-schluss-mit-dem-schaerfen-mit-den-rali-hobeln-2\/","url":"https:\/\/rali-shop.de\/blog-de\/konzept-schluss-mit-dem-schaerfen-mit-den-rali-hobeln-2\/","name":"Konzept : Schluss mit dem schaerfen mit den RALI hobeln - RALI-Holzwerkzeuge f\u00fcr Profis","isPartOf":{"@id":"https:\/\/rali-shop.de\/blog-de\/#website"},"datePublished":"2022-11-08T10:07:00+00:00","dateModified":"2023-01-05T07:50:13+00:00","inLanguage":"de","potentialAction":[{"@type":"ReadAction","target":["https:\/\/rali-shop.de\/blog-de\/konzept-schluss-mit-dem-schaerfen-mit-den-rali-hobeln-2\/"]}]},{"@type":"WebSite","@id":"https:\/\/rali-shop.de\/blog-de\/#website","url":"https:\/\/rali-shop.de\/blog-de\/","name":"RALI-Holzwerkzeuge f\u00fcr Profis","description":"Holzwerkzeuge f\u00fcr Enthusiasten","publisher":{"@id":"https:\/\/rali-shop.de\/blog-de\/#organization"},"potentialAction":[{"@type":"SearchAction","target":{"@type":"EntryPoint","urlTemplate":"https:\/\/rali-shop.de\/blog-de\/?s={search_term_string}"},"query-input":{"@type":"PropertyValueSpecification","valueRequired":true,"valueName":"search_term_string"}}],"inLanguage":"de"},{"@type":"Organization","@id":"https:\/\/rali-shop.de\/blog-de\/#organization","name":"RALI","url":"https:\/\/rali-shop.de\/blog-de\/","logo":{"@type":"ImageObject","inLanguage":"de","@id":"https:\/\/rali-shop.de\/blog-de\/#\/schema\/logo\/image\/","url":"https:\/\/rali-shop.de\/blog-de\/wp-content\/uploads\/2021\/07\/LOGO-RALI-new.gif","contentUrl":"https:\/\/rali-shop.de\/blog-de\/wp-content\/uploads\/2021\/07\/LOGO-RALI-new.gif","width":959,"height":524,"caption":"RALI"},"image":{"@id":"https:\/\/rali-shop.de\/blog-de\/#\/schema\/logo\/image\/"}}]}},"_links":{"self":[{"href":"https:\/\/rali-shop.de\/blog-de\/wp-json\/wp\/v2\/pages\/4927","targetHints":{"allow":["GET"]}}],"collection":[{"href":"https:\/\/rali-shop.de\/blog-de\/wp-json\/wp\/v2\/pages"}],"about":[{"href":"https:\/\/rali-shop.de\/blog-de\/wp-json\/wp\/v2\/types\/page"}],"author":[{"embeddable":true,"href":"https:\/\/rali-shop.de\/blog-de\/wp-json\/wp\/v2\/users\/1"}],"replies":[{"embeddable":true,"href":"https:\/\/rali-shop.de\/blog-de\/wp-json\/wp\/v2\/comments?post=4927"}],"version-history":[{"count":4,"href":"https:\/\/rali-shop.de\/blog-de\/wp-json\/wp\/v2\/pages\/4927\/revisions"}],"predecessor-version":[{"id":4941,"href":"https:\/\/rali-shop.de\/blog-de\/wp-json\/wp\/v2\/pages\/4927\/revisions\/4941"}],"wp:attachment":[{"href":"https:\/\/rali-shop.de\/blog-de\/wp-json\/wp\/v2\/media?parent=4927"}],"curies":[{"name":"wp","href":"https:\/\/api.w.org\/{rel}","templated":true}]}}