{"id":6216,"date":"2023-08-18T09:37:47","date_gmt":"2023-08-18T07:37:47","guid":{"rendered":"https:\/\/rali-shop.de\/blog-de\/?page_id=6216"},"modified":"2024-06-11T15:27:15","modified_gmt":"2024-06-11T13:27:15","slug":"vorteile-hersteller-direkt","status":"publish","type":"page","link":"https:\/\/rali-shop.de\/blog-de\/vorteile-hersteller-direkt\/","title":{"rendered":"Vorteile Hersteller direkt"},"content":{"rendered":"\n\n\t<section class=\"section dark\" id=\"section_1386323256\">\n\t\t<div class=\"section-bg fill\" >\n\t\t\t<img loading=\"lazy\" decoding=\"async\" width=\"2560\" height=\"1707\" src=\"https:\/\/rali-shop.de\/blog-de\/wp-content\/uploads\/2023\/08\/2019-04-17_09-37-49_RALI_Olivier_Verdier_019-scaled.jpg\" class=\"bg attachment- size-\" alt=\"\" \/>\t\t\t\t\t\t\n\t\t\t\n\n\t\t<\/div>\n\n\t\t\n\n\t\t<div class=\"section-content relative\">\n\t\t\t\n\n<div class=\"row\" style=\"max-width:1300px\" id=\"row-1576587121\">\n\n\n\t<div id=\"col-1096347236\" class=\"col medium-8 small-12 large-8\"  >\n\t\t\t\t<div class=\"col-inner text-shadow-5\"  >\n\t\t\t\n\t\t\t\n\n\t<div id=\"text-1476710379\" class=\"text\">\n\t\t\n\n<h1 class=\"uppercase\"><span style=\"color: #ffffff;\">Hersteller direkt<\/span><\/h1>\n\t\t\n<style>\n#text-1476710379 {\n  font-size: 1.8rem;\n  line-height: 2.15;\n}\n@media (min-width:550px) {\n  #text-1476710379 {\n    font-size: 2.25rem;\n  }\n}\n<\/style>\n\t<\/div>\n\t\n\n\t\t<\/div>\n\t\t\t\t\n<style>\n#col-1096347236 > .col-inner {\n  margin: 0px 0px -60px 0px;\n}\n<\/style>\n\t<\/div>\n\n\t\n\n<\/div>\n<div class=\"row\" style=\"max-width:1300px\" id=\"row-83382775\">\n\n\n\t<div id=\"col-1967893950\" class=\"col medium-8 small-12 large-7\"  >\n\t\t\t\t<div class=\"col-inner text-shadow-5\"  >\n\t\t\t\n\t\t\t\n\n<div class=\"is-divider divider clearfix\" style=\"max-width:100px;height:4px;background-color:rgb(253, 111, 94);\"><\/div>\n\n\t<div id=\"text-85997546\" class=\"text\">\n\t\t\n\n<p>Entdecken Sie die 5 Vorteile!<\/p>\n\t\t\n<style>\n#text-85997546 {\n  font-size: 1.75rem;\n  line-height: 0.8;\n}\n@media (min-width:550px) {\n  #text-85997546 {\n    font-size: 3rem;\n  }\n}\n<\/style>\n\t<\/div>\n\t\n\n\t\t<\/div>\n\t\t\t\t\t<\/div>\n\n\t\n\n<\/div>\n\n\t\t<\/div>\n\n\t\t\n<style>\n#section_1386323256 {\n  padding-top: 30px;\n  padding-bottom: 30px;\n  min-height: 450px;\n}\n#section_1386323256 .section-bg img {\n  object-position: 62% 100%;\n}\n@media (min-width:550px) {\n  #section_1386323256 {\n    min-height: 650px;\n  }\n}\n@media (min-width:850px) {\n  #section_1386323256 {\n    min-height: 600px;\n  }\n}\n<\/style>\n\t<\/section>\n\t\n\t<div id=\"gap-111627499\" class=\"gap-element clearfix\" style=\"display:block; height:auto;\">\n\t\t\n<style>\n#gap-111627499 {\n  padding-top: 30px;\n}\n<\/style>\n\t<\/div>\n\t\n\n<div class=\"container section-title-container\" ><h2 class=\"section-title section-title-center\"><b><\/b><span class=\"section-title-main\" >F\u00fcr RALI muss die Servicequalit\u00e4t den Werkzeugen entsprechen.<\/span><b><\/b><\/h2><\/div>\n\n\n\t<section class=\"section\" id=\"section_978434503\">\n\t\t<div class=\"section-bg fill\" >\n\t\t\t\t\t\t\t\t\t\n\t\t\t\n\n\t\t<\/div>\n\n\t\t\n\n\t\t<div class=\"section-content relative\">\n\t\t\t\n\n<div class=\"row row-collapse align-middle align-center\" style=\"max-width:1400px\" id=\"row-1406247685\">\n\n\n\t<div id=\"col-865755917\" class=\"col medium-9 small-12 large-6\"  >\n\t\t\t\t<div class=\"col-inner\"  >\n\t\t\t\n\t\t\t\n\n\n  <div class=\"banner has-hover\" id=\"banner-1684412392\">\n          <div class=\"banner-inner fill\">\n        <div class=\"banner-bg fill\" >\n            <img loading=\"lazy\" decoding=\"async\" width=\"1020\" height=\"680\" src=\"https:\/\/rali-shop.de\/blog-de\/wp-content\/uploads\/2022\/04\/2019-04-15_11-39-00_RALI_Olivier_Verdier_011-1200x800.jpg\" class=\"bg attachment-large size-large\" alt=\"\" \/>                                    \n                    <\/div>\n\t\t\n        <div class=\"banner-layers container\">\n            <div class=\"fill banner-link\"><\/div>            \n\n\n        <\/div>\n      <\/div>\n\n            \n<style>\n#banner-1684412392 {\n  padding-top: 300px;\n}\n#banner-1684412392 .banner-bg img {\n  object-position: 0% 35%;\n}\n@media (min-width:850px) {\n  #banner-1684412392 {\n    padding-top: 70%;\n  }\n}\n<\/style>\n  <\/div>\n\n\n\n\t\t<\/div>\n\t\t\t\t\t<\/div>\n\n\t\n\n\t<div id=\"col-968895811\" class=\"col medium-9 small-12 large-6\"  >\n\t\t\t\t<div class=\"col-inner text-left\"  >\n\t\t\t\n\t\t\t\n\n<h3 class=\"uppercase\"><span style=\"font-size: 130%;\">1- 100% Swissmade-Herstellung<br \/><\/span><\/h3>\n<p>Alle unsere RALI-Werkzeuge werden seit \u00fcber 50 Jahren in der Schweiz in unseren Fabriken hergestellt.<\/p>\n<p>Wir wenden bei der Konstruktion unserer Werkzeuge die gr\u00f6sste Sorgfalt an.<\/p>\n<p>Wir montieren und kontrollieren jedes Werkzeug von Hand.<\/p>\n<p>Das ist f\u00fcr Sie eine Garantie f\u00fcr eine lange Lebensdauer im Laufe der Zeit.<\/p>\n\n\t\t<\/div>\n\t\t\t\t\n<style>\n#col-968895811 > .col-inner {\n  padding: 0px 0px 0px 0px;\n}\n@media (min-width:850px) {\n  #col-968895811 > .col-inner {\n    padding: 0px 50px 0px 50px;\n  }\n}\n<\/style>\n\t<\/div>\n\n\t\n\n<\/div>\n<div class=\"row row-collapse align-middle align-center\" style=\"max-width:1400px\" id=\"row-1354068278\">\n\n\n\t<div id=\"col-501008354\" class=\"col medium-9 small-12 large-6\"  >\n\t\t\t\t<div class=\"col-inner text-left\"  >\n\t\t\t\n\t\t\t\n\n<h3 class=\"uppercase\"><span style=\"font-size: 130%;\">2- Beratung DIREKT<\/span><\/h3>\n<p>Schluss mit Zwischenh\u00e4ndlern und Zeitverlust, ein Fabrikexperte wird sich direkt um Ihre Anfragen k\u00fcmmern.<\/strong><\/p>\n<p>Wir k\u00f6nnen Sie entsprechend Ihren Bed\u00fcrfnissen und Erwartungen bestm\u00f6glich beraten.<\/p>\n<p>Ihre Ideen und Vorschl\u00e4ge sind uns willkommen.<\/p>\n\n\t\t<\/div>\n\t\t\t\t\n<style>\n#col-501008354 > .col-inner {\n  padding: 0px 0px 0px 0px;\n}\n@media (min-width:850px) {\n  #col-501008354 > .col-inner {\n    padding: 0px 50px 0px 50px;\n  }\n}\n<\/style>\n\t<\/div>\n\n\t\n\n\t<div id=\"col-204174186\" class=\"col medium-9 small-12 large-6 medium-col-first\"  >\n\t\t\t\t<div class=\"col-inner\"  >\n\t\t\t\n\t\t\t\n\n\n  <div class=\"banner has-hover\" id=\"banner-224058495\">\n          <div class=\"banner-inner fill\">\n        <div class=\"banner-bg fill\" >\n            <img loading=\"lazy\" decoding=\"async\" width=\"400\" height=\"252\" src=\"https:\/\/rali-shop.de\/blog-de\/wp-content\/uploads\/2022\/04\/shark-team.jpg\" class=\"bg attachment-large size-large\" alt=\"\" \/>                                    \n                    <\/div>\n\t\t\n        <div class=\"banner-layers container\">\n            <div class=\"fill banner-link\"><\/div>            \n\n\n        <\/div>\n      <\/div>\n\n            \n<style>\n#banner-224058495 {\n  padding-top: 300px;\n}\n#banner-224058495 .banner-bg img {\n  object-position: 71% 53%;\n}\n@media (min-width:850px) {\n  #banner-224058495 {\n    padding-top: 70%;\n  }\n}\n<\/style>\n  <\/div>\n\n\n\n\t\t<\/div>\n\t\t\t\t\t<\/div>\n\n\t\n\n<\/div>\n<div class=\"row row-collapse align-middle align-center\" style=\"max-width:1400px\" id=\"row-353619237\">\n\n\n\t<div id=\"col-820569966\" class=\"col medium-9 small-12 large-6\"  >\n\t\t\t\t<div class=\"col-inner\"  >\n\t\t\t\n\t\t\t\n\n\n  <div class=\"banner has-hover\" id=\"banner-691813781\">\n          <div class=\"banner-inner fill\">\n        <div class=\"banner-bg fill\" >\n            <img loading=\"lazy\" decoding=\"async\" width=\"478\" height=\"299\" src=\"https:\/\/rali-shop.de\/blog-de\/wp-content\/uploads\/2022\/01\/a-votre-ecoute.gif\" class=\"bg attachment-large size-large\" alt=\"\" \/>                                    \n                    <\/div>\n\t\t\n        <div class=\"banner-layers container\">\n            <div class=\"fill banner-link\"><\/div>            \n\n\n        <\/div>\n      <\/div>\n\n            \n<style>\n#banner-691813781 {\n  padding-top: 300px;\n}\n#banner-691813781 .banner-bg img {\n  object-position: 6% 30%;\n}\n@media (min-width:850px) {\n  #banner-691813781 {\n    padding-top: 70%;\n  }\n}\n<\/style>\n  <\/div>\n\n\n\n\t\t<\/div>\n\t\t\t\t\t<\/div>\n\n\t\n\n\t<div id=\"col-1116297526\" class=\"col medium-9 small-12 large-6\"  >\n\t\t\t\t<div class=\"col-inner text-left\"  >\n\t\t\t\n\t\t\t\n\n<h3 class=\"uppercase\"><span style=\"font-size: 130%;\">3- EINFACHE M\u00d6GLICHKEIT, UNS ZU ERREICHEN<\/span><\/h3>\n<p>Den Hersteller direkt per Telefon, Whatsapp, Chat oder E-Mail zu erreichen, ist wertvoll und geht schnell.<\/p>\n<p>Brauchen Sie einen Rat? Haben Sie technische Fragen?<\/p>\n<p><span data-text-color=\"alert\">Ihre Zeit ist wertvoll!\u00a0Z\u00f6gern Sie nicht, uns zu kontaktieren oder uns eine Nachricht zu hinterlassen.<\/span><\/p>\n<a href=\"\/customer-service\" class=\"button success\"  >\n\t\t<span>Kontaktieren Sie uns<\/span>\n\t<\/a>\n\n\n<div class=\"social-icons follow-icons\" ><a href=\"https:\/\/www.facebook.com\/raliswiss\/\" target=\"_blank\" data-label=\"Facebook\" class=\"icon primary button circle facebook tooltip\" title=\"Auf Facebook folgen\" aria-label=\"Auf Facebook folgen\" rel=\"noopener nofollow\" ><i class=\"icon-facebook\" ><\/i><\/a><a href=\"https:\/\/www.instagram.com\/rali_werkzeuge\/\" target=\"_blank\" data-label=\"Instagram\" class=\"icon primary button circle instagram tooltip\" title=\"Auf Instagram folgen\" aria-label=\"Auf Instagram folgen\" rel=\"noopener nofollow\" ><i class=\"icon-instagram\" ><\/i><\/a><a href=\"tel:+41225087075\" data-label=\"Phone\" target=\"_blank\" class=\"icon primary button circle phone tooltip\" title=\"Rufe uns an\" aria-label=\"Rufe uns an\" rel=\"nofollow noopener\" ><i class=\"icon-phone\" ><\/i><\/a><a href=\"https:\/\/www.youtube.com\/c\/RALIoutils\" data-label=\"YouTube\" target=\"_blank\" class=\"icon primary button circle youtube tooltip\" title=\"Auf YouTube folgen\" aria-label=\"Auf YouTube folgen\" rel=\"noopener nofollow\" ><i class=\"icon-youtube\" ><\/i><\/a><\/div>\n\n\n\t\t<\/div>\n\t\t\t\t\n<style>\n#col-1116297526 > .col-inner {\n  padding: 0px 0px 0px 0px;\n}\n@media (min-width:850px) {\n  #col-1116297526 > .col-inner {\n    padding: 0px 50px 0px 50px;\n  }\n}\n<\/style>\n\t<\/div>\n\n\t\n\n<\/div>\n<div class=\"row row-collapse align-middle align-center\" style=\"max-width:1400px\" id=\"row-630668216\">\n\n\n\t<div id=\"col-2085448515\" class=\"col medium-9 small-12 large-6\"  >\n\t\t\t\t<div class=\"col-inner text-left\"  >\n\t\t\t\n\t\t\t\n\n<h3 class=\"uppercase\"><span style=\"font-size: 130%;\">4- Swisscare 5-Jahres-Garantie<\/span><\/h3>\n<p>Als Hersteller bieten wir Ihnen bis zu 5 Jahre Garantie anstelle von 2 Jahren auf die Werkzeuge der Produktreihe Evolution N.<\/p>\n<p>Sie profitieren zudem von einem Abholservice f\u00fcr alle Anfragen.<\/p>\n<p>Bei Bedarf f\u00fchren wir einen Standardaustausch durch.<\/p>\n\n\t\t<\/div>\n\t\t\t\t\n<style>\n#col-2085448515 > .col-inner {\n  padding: 0px 0px 0px 0px;\n}\n@media (min-width:850px) {\n  #col-2085448515 > .col-inner {\n    padding: 0px 50px 0px 50px;\n  }\n}\n<\/style>\n\t<\/div>\n\n\t\n\n\t<div id=\"col-1720564455\" class=\"col medium-9 small-12 large-6 medium-col-first\"  >\n\t\t\t\t<div class=\"col-inner\"  >\n\t\t\t\n\t\t\t\n\n\n  <div class=\"banner has-hover\" id=\"banner-142843752\">\n          <div class=\"banner-inner fill\">\n        <div class=\"banner-bg fill\" >\n            <img loading=\"lazy\" decoding=\"async\" width=\"834\" height=\"601\" src=\"https:\/\/rali-shop.de\/blog-de\/wp-content\/uploads\/2022\/04\/Votre-garantie-swiss-caire-7-e1649864281175.jpg\" class=\"bg attachment-large size-large\" alt=\"swiss care\" \/>                                    \n                    <\/div>\n\t\t\n        <div class=\"banner-layers container\">\n            <div class=\"fill banner-link\"><\/div>            \n\n\n        <\/div>\n      <\/div>\n\n            \n<style>\n#banner-142843752 {\n  padding-top: 300px;\n}\n#banner-142843752 .banner-bg img {\n  object-position: 61% 46%;\n}\n@media (min-width:850px) {\n  #banner-142843752 {\n    padding-top: 70%;\n  }\n}\n<\/style>\n  <\/div>\n\n\n\n\t\t<\/div>\n\t\t\t\t\t<\/div>\n\n\t\n\n<\/div>\n<div class=\"row row-collapse align-middle align-center\" style=\"max-width:1400px\" id=\"row-952119513\">\n\n\n\t<div id=\"col-460499321\" class=\"col medium-9 small-12 large-6\"  >\n\t\t\t\t<div class=\"col-inner\"  >\n\t\t\t\n\t\t\t\n\n\n  <div class=\"banner has-hover\" id=\"banner-671263469\">\n          <div class=\"banner-inner fill\">\n        <div class=\"banner-bg fill\" >\n            <img loading=\"lazy\" decoding=\"async\" width=\"460\" height=\"322\" src=\"https:\/\/rali-shop.de\/blog-de\/wp-content\/uploads\/2022\/04\/fabr_04.jpg\" class=\"bg attachment-large size-large\" alt=\"SAMVAZ\" \/>                                    \n                    <\/div>\n\t\t\n        <div class=\"banner-layers container\">\n            <div class=\"fill banner-link\"><\/div>            \n\n\n        <\/div>\n      <\/div>\n\n            \n<style>\n#banner-671263469 {\n  padding-top: 300px;\n}\n#banner-671263469 .banner-bg img {\n  object-position: 51% 35%;\n}\n@media (min-width:850px) {\n  #banner-671263469 {\n    padding-top: 70%;\n  }\n}\n<\/style>\n  <\/div>\n\n\n\n\t\t<\/div>\n\t\t\t\t\t<\/div>\n\n\t\n\n\t<div id=\"col-149464128\" class=\"col medium-9 small-12 large-6\"  >\n\t\t\t\t<div class=\"col-inner text-left\"  >\n\t\t\t\n\t\t\t\n\n<h3 class=\"uppercase\"><span style=\"font-size: 130%;\">5- Nachverfolgung Ihrer Werkzeuge<\/span><\/h3>\n<p>Auch \u00fcber die Standardgarantie hinaus k\u00f6nnen Sie sich bei technischen Problemen an uns wenden.<\/p>\n<p><strong>Wir verf\u00fcgen \u00fcber alle Ersatzteile.<\/strong><\/p>\n<p>Wir k\u00f6nnen Ihre Werkzeuge auch direkt in der Fabrik reparieren oder instand setzen.<\/p>\n<p>Ihre Investition wird so f\u00fcr sehr viele Jahre gesichert.<\/p>\n\n\t\t<\/div>\n\t\t\t\t\n<style>\n#col-149464128 > .col-inner {\n  padding: 0px 0px 0px 0px;\n}\n@media (min-width:850px) {\n  #col-149464128 > .col-inner {\n    padding: 0px 50px 0px 50px;\n  }\n}\n<\/style>\n\t<\/div>\n\n\t\n\n<\/div>\n\n\t\t<\/div>\n\n\t\t\n<style>\n#section_978434503 {\n  padding-top: 0px;\n  padding-bottom: 0px;\n}\n<\/style>\n\t<\/section>\n\t\n\n\n\n\t<div id=\"gap-1328217123\" class=\"gap-element clearfix\" style=\"display:block; height:auto;\">\n\t\t\n<style>\n#gap-1328217123 {\n  padding-top: 30px;\n}\n<\/style>\n\t<\/div>\n\t\n\n<div class=\"container section-title-container\" ><h2 class=\"section-title section-title-center\"><b><\/b><span class=\"section-title-main\" >In diesem moment<\/span><b><\/b><\/h2><\/div>\n\n<div class=\"row align-equal align-center\"  id=\"row-1832976896\">\n\n\n\t<div id=\"col-993073449\" class=\"col medium-9 small-12 large-9\"  >\n\t\t\t\t<div class=\"col-inner text-center box-shadow-3 box-shadow-1-hover dark\" style=\"background-color:rgb(0,0,0);\" >\n\t\t\t\n\t\t\t\n\n\t<div id=\"text-1259640008\" class=\"text\">\n\t\t\n\n<p><span style=\"font-size: 300%;\"><span style=\"color: #ffffff;\">HEUTE<br \/><\/span><\/span><\/p>\n<p><span style=\"font-size: 200%;\"><span style=\"color: #ed1c24; font-size: 150%;\">-15\u20ac\/chf Rabatt<br \/><\/span>alle 100\u20ac\/chf Einkaufswert*<br \/><\/span><\/p>\n\t\t\n<style>\n#text-1259640008 {\n  font-size: 1rem;\n  line-height: 1.2;\n}\n<\/style>\n\t<\/div>\n\t\n<a href=\"\/hobel.html\" class=\"button success\"  >\n\t\t<span>Ich profitiere<\/span>\n\t<\/a>\n\n\n\t<div id=\"text-1931185483\" class=\"text\">\n\t\t\n\n<p>*au\u00dfer Sonderangebote<\/p>\n\t\t\n<style>\n#text-1931185483 {\n  text-align: right;\n}\n<\/style>\n\t<\/div>\n\t\n\n\t\t<\/div>\n\t\t\t\t\n<style>\n#col-993073449 > .col-inner {\n  border-radius: 30px;\n}\n<\/style>\n\t<\/div>\n\n\t\n\n\t<div id=\"col-1817106266\" class=\"col medium-9 small-12 large-9\"  >\n\t\t\t\t<div class=\"col-inner text-center box-shadow-3 box-shadow-1-hover dark\" style=\"background-color:rgb(0,0,0);\" >\n\t\t\t\n\t\t\t\n\n\t<div id=\"text-631731100\" class=\"text\">\n\t\t\n\n<p><span style=\"font-size: 200%;\"><span style=\"font-size: 160%;\"><span style=\"color: #ffffff;\">PACKS ANGEBOT<br \/><\/span><\/span><\/span><\/p>\n<p><span style=\"font-size: 200%;\">Bis zu <span style=\"color: #ed1c24; font-size: 150%;\">-50% <\/span>auf das zweite Werkzeug<br \/>in unseren Ausstattungspaketen<\/span><\/p>\n\t\t\n<style>\n#text-631731100 {\n  font-size: 1rem;\n  line-height: 1.2;\n}\n<\/style>\n\t<\/div>\n\t\n<a href=\"\/rabatt.html\" class=\"button success\"  >\n\t\t<span>Zu den Angeboten<\/span>\n\t<\/a>\n\n\n\t<div id=\"text-544688071\" class=\"text hidden\">\n\t\t\n\n*Valid for a pack of 2 similar vices - The discount will be apply on the 2nd product\n\t\t\t<\/div>\n\t\n\n\t\t<\/div>\n\t\t\t\t\n<style>\n#col-1817106266 > .col-inner {\n  border-radius: 30px;\n}\n<\/style>\n\t<\/div>\n\n\t\n\n\n<style>\n#row-1832976896 > .col > .col-inner {\n  background-color: rgb(0,0,0);\n}\n<\/style>\n<\/div>\n\n\n<div class=\"row align-equal align-center\"  id=\"row-828514262\">\n\n\n\n\n<style>\n#row-828514262 > .col > .col-inner {\n  background-color: rgb(0,0,0);\n}\n<\/style>\n<\/div>\n\n\n\n","protected":false},"excerpt":{"rendered":"","protected":false},"author":1,"featured_media":5726,"parent":0,"menu_order":0,"comment_status":"closed","ping_status":"closed","template":"page-blank.php","meta":{"footnotes":""},"class_list":["post-6216","page","type-page","status-publish","has-post-thumbnail","hentry"],"yoast_head":"<!-- This site is optimized with the Yoast SEO plugin v25.1 - https:\/\/yoast.com\/wordpress\/plugins\/seo\/ -->\n<title>Vorteile Hersteller direkt - RALI-Holzwerkzeuge f\u00fcr Profis<\/title>\n<meta name=\"robots\" content=\"index, follow, max-snippet:-1, max-image-preview:large, max-video-preview:-1\" \/>\n<link rel=\"canonical\" href=\"https:\/\/rali-shop.de\/blog-de\/vorteile-hersteller-direkt\/\" \/>\n<meta property=\"og:locale\" content=\"de_DE\" \/>\n<meta property=\"og:type\" content=\"article\" \/>\n<meta property=\"og:title\" content=\"Vorteile Hersteller direkt - RALI-Holzwerkzeuge f\u00fcr Profis\" \/>\n<meta property=\"og:url\" content=\"https:\/\/rali-shop.de\/blog-de\/vorteile-hersteller-direkt\/\" \/>\n<meta property=\"og:site_name\" content=\"RALI-Holzwerkzeuge f\u00fcr Profis\" \/>\n<meta property=\"article:modified_time\" content=\"2024-06-11T13:27:15+00:00\" \/>\n<meta property=\"og:image\" content=\"https:\/\/rali-shop.de\/blog-de\/wp-content\/uploads\/2023\/03\/2020-09-03_11-10-47_usine_arena_photovoltaique_0011_1024x768.jpg\" \/>\n\t<meta property=\"og:image:width\" content=\"1024\" \/>\n\t<meta property=\"og:image:height\" content=\"683\" \/>\n\t<meta property=\"og:image:type\" content=\"image\/jpeg\" \/>\n<meta name=\"twitter:card\" content=\"summary_large_image\" \/>\n<meta name=\"twitter:label1\" content=\"Gesch\u00e4tzte Lesezeit\" \/>\n\t<meta name=\"twitter:data1\" content=\"7\u00a0Minuten\" \/>\n<script type=\"application\/ld+json\" class=\"yoast-schema-graph\">{\"@context\":\"https:\/\/schema.org\",\"@graph\":[{\"@type\":\"WebPage\",\"@id\":\"https:\/\/rali-shop.de\/blog-de\/vorteile-hersteller-direkt\/\",\"url\":\"https:\/\/rali-shop.de\/blog-de\/vorteile-hersteller-direkt\/\",\"name\":\"Vorteile Hersteller direkt - RALI-Holzwerkzeuge f\u00fcr Profis\",\"isPartOf\":{\"@id\":\"https:\/\/rali-shop.de\/blog-de\/#website\"},\"primaryImageOfPage\":{\"@id\":\"https:\/\/rali-shop.de\/blog-de\/vorteile-hersteller-direkt\/#primaryimage\"},\"image\":{\"@id\":\"https:\/\/rali-shop.de\/blog-de\/vorteile-hersteller-direkt\/#primaryimage\"},\"thumbnailUrl\":\"https:\/\/rali-shop.de\/blog-de\/wp-content\/uploads\/2023\/03\/2020-09-03_11-10-47_usine_arena_photovoltaique_0011_1024x768.jpg\",\"datePublished\":\"2023-08-18T07:37:47+00:00\",\"dateModified\":\"2024-06-11T13:27:15+00:00\",\"inLanguage\":\"de\",\"potentialAction\":[{\"@type\":\"ReadAction\",\"target\":[\"https:\/\/rali-shop.de\/blog-de\/vorteile-hersteller-direkt\/\"]}]},{\"@type\":\"ImageObject\",\"inLanguage\":\"de\",\"@id\":\"https:\/\/rali-shop.de\/blog-de\/vorteile-hersteller-direkt\/#primaryimage\",\"url\":\"https:\/\/rali-shop.de\/blog-de\/wp-content\/uploads\/2023\/03\/2020-09-03_11-10-47_usine_arena_photovoltaique_0011_1024x768.jpg\",\"contentUrl\":\"https:\/\/rali-shop.de\/blog-de\/wp-content\/uploads\/2023\/03\/2020-09-03_11-10-47_usine_arena_photovoltaique_0011_1024x768.jpg\",\"width\":1024,\"height\":683},{\"@type\":\"WebSite\",\"@id\":\"https:\/\/rali-shop.de\/blog-de\/#website\",\"url\":\"https:\/\/rali-shop.de\/blog-de\/\",\"name\":\"RALI-Holzwerkzeuge f\u00fcr Profis\",\"description\":\"Holzwerkzeuge f\u00fcr Enthusiasten\",\"publisher\":{\"@id\":\"https:\/\/rali-shop.de\/blog-de\/#organization\"},\"potentialAction\":[{\"@type\":\"SearchAction\",\"target\":{\"@type\":\"EntryPoint\",\"urlTemplate\":\"https:\/\/rali-shop.de\/blog-de\/?s={search_term_string}\"},\"query-input\":{\"@type\":\"PropertyValueSpecification\",\"valueRequired\":true,\"valueName\":\"search_term_string\"}}],\"inLanguage\":\"de\"},{\"@type\":\"Organization\",\"@id\":\"https:\/\/rali-shop.de\/blog-de\/#organization\",\"name\":\"RALI\",\"url\":\"https:\/\/rali-shop.de\/blog-de\/\",\"logo\":{\"@type\":\"ImageObject\",\"inLanguage\":\"de\",\"@id\":\"https:\/\/rali-shop.de\/blog-de\/#\/schema\/logo\/image\/\",\"url\":\"https:\/\/rali-shop.de\/blog-de\/wp-content\/uploads\/2021\/07\/LOGO-RALI-new.gif\",\"contentUrl\":\"https:\/\/rali-shop.de\/blog-de\/wp-content\/uploads\/2021\/07\/LOGO-RALI-new.gif\",\"width\":959,\"height\":524,\"caption\":\"RALI\"},\"image\":{\"@id\":\"https:\/\/rali-shop.de\/blog-de\/#\/schema\/logo\/image\/\"}}]}<\/script>\n<!-- \/ Yoast SEO plugin. -->","yoast_head_json":{"title":"Vorteile Hersteller direkt - RALI-Holzwerkzeuge f\u00fcr Profis","robots":{"index":"index","follow":"follow","max-snippet":"max-snippet:-1","max-image-preview":"max-image-preview:large","max-video-preview":"max-video-preview:-1"},"canonical":"https:\/\/rali-shop.de\/blog-de\/vorteile-hersteller-direkt\/","og_locale":"de_DE","og_type":"article","og_title":"Vorteile Hersteller direkt - RALI-Holzwerkzeuge f\u00fcr Profis","og_url":"https:\/\/rali-shop.de\/blog-de\/vorteile-hersteller-direkt\/","og_site_name":"RALI-Holzwerkzeuge f\u00fcr Profis","article_modified_time":"2024-06-11T13:27:15+00:00","og_image":[{"width":1024,"height":683,"url":"https:\/\/rali-shop.de\/blog-de\/wp-content\/uploads\/2023\/03\/2020-09-03_11-10-47_usine_arena_photovoltaique_0011_1024x768.jpg","type":"image\/jpeg"}],"twitter_card":"summary_large_image","twitter_misc":{"Gesch\u00e4tzte Lesezeit":"7\u00a0Minuten"},"schema":{"@context":"https:\/\/schema.org","@graph":[{"@type":"WebPage","@id":"https:\/\/rali-shop.de\/blog-de\/vorteile-hersteller-direkt\/","url":"https:\/\/rali-shop.de\/blog-de\/vorteile-hersteller-direkt\/","name":"Vorteile Hersteller direkt - RALI-Holzwerkzeuge f\u00fcr Profis","isPartOf":{"@id":"https:\/\/rali-shop.de\/blog-de\/#website"},"primaryImageOfPage":{"@id":"https:\/\/rali-shop.de\/blog-de\/vorteile-hersteller-direkt\/#primaryimage"},"image":{"@id":"https:\/\/rali-shop.de\/blog-de\/vorteile-hersteller-direkt\/#primaryimage"},"thumbnailUrl":"https:\/\/rali-shop.de\/blog-de\/wp-content\/uploads\/2023\/03\/2020-09-03_11-10-47_usine_arena_photovoltaique_0011_1024x768.jpg","datePublished":"2023-08-18T07:37:47+00:00","dateModified":"2024-06-11T13:27:15+00:00","inLanguage":"de","potentialAction":[{"@type":"ReadAction","target":["https:\/\/rali-shop.de\/blog-de\/vorteile-hersteller-direkt\/"]}]},{"@type":"ImageObject","inLanguage":"de","@id":"https:\/\/rali-shop.de\/blog-de\/vorteile-hersteller-direkt\/#primaryimage","url":"https:\/\/rali-shop.de\/blog-de\/wp-content\/uploads\/2023\/03\/2020-09-03_11-10-47_usine_arena_photovoltaique_0011_1024x768.jpg","contentUrl":"https:\/\/rali-shop.de\/blog-de\/wp-content\/uploads\/2023\/03\/2020-09-03_11-10-47_usine_arena_photovoltaique_0011_1024x768.jpg","width":1024,"height":683},{"@type":"WebSite","@id":"https:\/\/rali-shop.de\/blog-de\/#website","url":"https:\/\/rali-shop.de\/blog-de\/","name":"RALI-Holzwerkzeuge f\u00fcr Profis","description":"Holzwerkzeuge f\u00fcr Enthusiasten","publisher":{"@id":"https:\/\/rali-shop.de\/blog-de\/#organization"},"potentialAction":[{"@type":"SearchAction","target":{"@type":"EntryPoint","urlTemplate":"https:\/\/rali-shop.de\/blog-de\/?s={search_term_string}"},"query-input":{"@type":"PropertyValueSpecification","valueRequired":true,"valueName":"search_term_string"}}],"inLanguage":"de"},{"@type":"Organization","@id":"https:\/\/rali-shop.de\/blog-de\/#organization","name":"RALI","url":"https:\/\/rali-shop.de\/blog-de\/","logo":{"@type":"ImageObject","inLanguage":"de","@id":"https:\/\/rali-shop.de\/blog-de\/#\/schema\/logo\/image\/","url":"https:\/\/rali-shop.de\/blog-de\/wp-content\/uploads\/2021\/07\/LOGO-RALI-new.gif","contentUrl":"https:\/\/rali-shop.de\/blog-de\/wp-content\/uploads\/2021\/07\/LOGO-RALI-new.gif","width":959,"height":524,"caption":"RALI"},"image":{"@id":"https:\/\/rali-shop.de\/blog-de\/#\/schema\/logo\/image\/"}}]}},"_links":{"self":[{"href":"https:\/\/rali-shop.de\/blog-de\/wp-json\/wp\/v2\/pages\/6216","targetHints":{"allow":["GET"]}}],"collection":[{"href":"https:\/\/rali-shop.de\/blog-de\/wp-json\/wp\/v2\/pages"}],"about":[{"href":"https:\/\/rali-shop.de\/blog-de\/wp-json\/wp\/v2\/types\/page"}],"author":[{"embeddable":true,"href":"https:\/\/rali-shop.de\/blog-de\/wp-json\/wp\/v2\/users\/1"}],"replies":[{"embeddable":true,"href":"https:\/\/rali-shop.de\/blog-de\/wp-json\/wp\/v2\/comments?post=6216"}],"version-history":[{"count":7,"href":"https:\/\/rali-shop.de\/blog-de\/wp-json\/wp\/v2\/pages\/6216\/revisions"}],"predecessor-version":[{"id":6226,"href":"https:\/\/rali-shop.de\/blog-de\/wp-json\/wp\/v2\/pages\/6216\/revisions\/6226"}],"wp:featuredmedia":[{"embeddable":true,"href":"https:\/\/rali-shop.de\/blog-de\/wp-json\/wp\/v2\/media\/5726"}],"wp:attachment":[{"href":"https:\/\/rali-shop.de\/blog-de\/wp-json\/wp\/v2\/media?parent=6216"}],"curies":[{"name":"wp","href":"https:\/\/api.w.org\/{rel}","templated":true}]}}